{"id":1156,"date":"2025-10-27T16:46:53","date_gmt":"2025-10-27T16:46:53","guid":{"rendered":"https:\/\/renacerenaixer.es\/?page_id=1156"},"modified":"2025-11-23T17:09:17","modified_gmt":"2025-11-23T17:09:17","slug":"adn-estatuts-per-a-espanya","status":"publish","type":"page","link":"https:\/\/renacerenaixer.es\/val\/adn-estatuts-per-a-espanya\/","title":{"rendered":"ADN\/ Estatuts per a Espanya"},"content":{"rendered":"<div data-elementor-type=\"wp-page\" data-elementor-id=\"1156\" class=\"elementor elementor-1156\" data-elementor-post-type=\"page\">\n\t\t\t\t<div class=\"elementor-element elementor-element-7edd5f7d e-flex e-con-boxed e-con e-parent\" data-id=\"7edd5f7d\" data-element_type=\"container\" data-e-type=\"container\" data-settings=\"{&quot;background_background&quot;:&quot;classic&quot;}\">\n\t\t\t\t\t<div class=\"e-con-inner\">\n\t\t\t\t<div class=\"elementor-element elementor-element-68c74229 elementor-widget elementor-widget-heading\" data-id=\"68c74229\" data-element_type=\"widget\" data-e-type=\"widget\" data-widget_type=\"heading.default\">\n\t\t\t\t<div class=\"elementor-widget-container\">\n\t\t\t\t\t<h2 class=\"elementor-heading-title elementor-size-default\">Conoce nuestros estatutos<\/h2>\t\t\t\t<\/div>\n\t\t\t\t<\/div>\n\t\t\t\t\t<\/div>\n\t\t\t\t<\/div>\n\t\t<div class=\"elementor-element elementor-element-05498d8 e-flex e-con-boxed e-con e-child\" data-id=\"05498d8\" data-element_type=\"container\" data-e-type=\"container\">\n\t\t\t\t\t<div class=\"e-con-inner\">\n\t\t\t\t<div class=\"elementor-element elementor-element-3fb4b6a elementor-widget elementor-widget-heading\" data-id=\"3fb4b6a\" data-element_type=\"widget\" data-e-type=\"widget\" data-widget_type=\"heading.default\">\n\t\t\t\t<div class=\"elementor-widget-container\">\n\t\t\t\t\t<h2 class=\"elementor-heading-title elementor-size-default\">ADN\/ Estatuts per a Espanya<\/h2>\t\t\t\t<\/div>\n\t\t\t\t<\/div>\n\t\t\t\t<div class=\"elementor-element elementor-element-dca3fdc elementor-widget__width-initial elementor-widget elementor-widget-text-editor\" data-id=\"dca3fdc\" data-element_type=\"widget\" data-e-type=\"widget\" data-widget_type=\"text-editor.default\">\n\t\t\t\t<div class=\"elementor-widget-container\">\n\t\t\t\t\t\t\t\t\t<p><span style=\"font-weight: 400;\">Ya has vist fa un moment les moltes idees que oferim. Evidentment , tots estos punts seran ampliats en el <\/span><span style=\"font-weight: 400;\">temps<\/span><span style=\"font-weight: 400;\">, conforme el partit vaja coneixent en persona (o en informacions que nos apleguen o nos informeu) el territori nacional, ple de problemes i poques solucions reals. Posarem m\u00e9s, encara que caldria escriure mil p\u00e0gines. Tingues per segura una cosa, anem a canviar la realitat coste lo que coste, perque es deu i es pot. Lo \u00fanic que no es pot canviar \u00e9s la mort.\u00a0<\/span><\/p><ol><li style=\"font-weight: 400;\" aria-level=\"1\"><span style=\"font-weight: 400;\">La corrupci\u00f3 \u00e9s pobrea social, alimentada en l&#8217;\u00e0mbit pol\u00edtic\/empresarial. Quan s&#8217;adjudica obra p\u00fablica, una empresa presenta una oferta molt baixa, i gana a competidors llegals. Despuix, ya guanyada, es modifica a l&#8217;al\u00e7a el cost i repartix els diners en els pol\u00edtics, per aix\u00f2, cal posar controls posteriors en conseguir-se l&#8217;obra.<\/span><\/li><li style=\"font-weight: 400;\" aria-level=\"1\"><span style=\"font-weight: 400;\">Protecci\u00f3 en instruments jur\u00eddics, als denunciants per corrupci\u00f3, que evite repres\u00e0lies i que li tallen el seu ascens en l&#8217;administraci\u00f3, en tot cas, premiar-los.<\/span><\/li><li style=\"font-weight: 400;\" aria-level=\"1\"><span style=\"font-weight: 400;\">Profesionalisar el funcionariat eliminant els nomenaments interns que realisen els partits en empreses que tenen algun tipo de pres\u00e8ncia p\u00fablica com a societats estatals, nomenant-se, pr\u00e8via selecci\u00f3 meritocr\u00e1tica, professionals del ram, en experi\u00e8ncia provada i valia, evitant xarxes\u00a0 clientelars.<\/span><\/li><li style=\"font-weight: 400;\" aria-level=\"1\"><span style=\"font-weight: 400;\">Prohibir les portes girat\u00f2ries i\/o c\u00e1rrecs d&#8217;assessorament, imponent multa que suponga el salari conseguit en eixe nou c\u00e0rrec.<\/span><\/li><li style=\"font-weight: 400;\" aria-level=\"1\"><span style=\"font-weight: 400;\">Que la Llei de Transpar\u00e9ncia elimine les excepcions i causes d&#8217;inadmissi\u00f3 en l&#8217;aportaci\u00f3 de senyes i adem\u00e9s puga impondre sancions i mides d&#8217;eixecuci\u00f3 for\u00e7osa de car\u00e0cter coercitiu.<\/span><\/li><li style=\"font-weight: 400;\" aria-level=\"1\"><span style=\"font-weight: 400;\">Prohibir el dret a modificar els contractes d&#8217;obres per imprevisibilidad o per noves necessitats o conveni\u00e9ncia pol\u00edtiques, ya que pervertix el sistema de contractaci\u00f3 publica i la lliure compet\u00e9ncia, sent l&#8217;empresa la que assumixca eixa modificaci\u00f3, no l&#8217;erari p\u00fablic.<\/span><\/li><li style=\"font-weight: 400;\" aria-level=\"1\"><span style=\"font-weight: 400;\">Control detallat en la contractaci\u00f3 directa pel procediment d&#8217;urg\u00e9ncia i contractes menors, ya que s\u00f3n un coladero tamb\u00e9 de corrupci\u00f3.<\/span><\/li><li style=\"font-weight: 400;\" aria-level=\"1\"><span style=\"font-weight: 400;\">La Llei no pot ser el\u00e0stica i deixar buits ni als corruptors ni al corromput, des del nivell local, auton\u00f3mic i estatal, acotant el marge de maniobra dels pol\u00edtics en mat\u00e9ria urban\u00edstica, gr\u00e1cies a instruments de control, supervisi\u00f3 externa i justificaci\u00f3 t\u00e8cnica.<\/span><\/li><li style=\"font-weight: 400;\" aria-level=\"1\"><span style=\"font-weight: 400;\">Que qualsevol empresa que haja estat implicada en c\u00e1rrecs de corrupci\u00f3 , siga eliminada de qualsevol concurs a obra p\u00fablica.<\/span><\/li><li style=\"font-weight: 400;\" aria-level=\"1\"><span style=\"font-weight: 400;\">Establir controls creuats entre administracions<\/span><\/li><li style=\"font-weight: 400;\" aria-level=\"1\"><span style=\"font-weight: 400;\">Perseguir artimanyes com el fraccionament del preu de les obres per a no superar el ll\u00edmit llegal que obliga a realisar un procediment en publicitat.<\/span><\/li><li style=\"font-weight: 400;\" aria-level=\"1\"><span style=\"font-weight: 400;\">XII.Abans de numerar algunes idees irrenunciables, devem ser realistes, i sense diners, no hi ha podem portar a terme moltes importants reformes. En un Estat endeutat com este, hi ha una Hipertrofia de cares i in\u00fatils institucions, a on chapotecha un neo-caciquisme que solament servix per a colocar politics, crear Barons territorials inefica\u00e7os i es desenrolla una sagnia econ\u00f2mica que va a m\u00e9s. Per aix\u00f2:<\/span><\/li><\/ol><ol><li style=\"font-weight: 400;\" aria-level=\"1\"><span style=\"font-weight: 400;\">A) ELIMINAR EL SENAT: No aporta res, el Congr\u00e9s dels Diputats \u00e9s suficient per a desenrollar les funcions llegislatives, de control del Govern i de representaci\u00f3 pol\u00edtica, solament duplica funcions. Nova Zelanda, Canad\u00e0, Su\u00e8cia, Dinamarca ho han eliminat. Costa 63 millons d&#8217;euros anuals.<\/span><\/li><\/ol><ol><li><span style=\"font-weight: 400;\"> B) ELIMINAR DIPUTACIONS: Justificades perque elles garantisen servicis p\u00fablics essencials del seu municipi, \u00e9s mentira, la principal partida de despesa de les diputacions \u00e9s la seua pr\u00f3pia estructura i els s\u00f2us dels seus diputats i funcionaris, molts d&#8217;ells designats a dit o frut del nepotisme. Presupost de 29000 millons d&#8217;euros en 2400 sous p\u00fablics.<\/span><\/li><li><span style=\"font-weight: 400;\"> C) ELIMINAR AFORAMENTS: el no poder jujar en un mateix delicte en el mateix tribunal, si un dels delinq\u00fcent \u00e9s pol\u00edtic aforat i un atre no, \u00e9s anormal i discriminatori.<\/span><\/li><li><span style=\"font-weight: 400;\"> D) ELIMINAR COMPET\u00c8NCIES AUTON\u00d2MIQUES: Les autonomies s&#8217;han convertit en microestats, a on compet\u00e8ncies com la sanitat, urbanisme, emerg\u00e8ncies, entre unes atres, han fracassat i cada volta que una crisis nos ha colpejat, ha causat una cantitat inaudita de morts, inefic\u00e0cia, improvisaci\u00f3, duplicitat i llentitut, aparte d&#8217;un balafiament econ\u00f2mic evitable, si hi ha un Estat que funciona. Recordem que les Autonomies costen 88.000 millons.<\/span><\/li><\/ol><p><span style=\"font-weight: 400;\">XIII. Contribuir democr\u00e1ticament a la formaci\u00f3 de la voluntat pol\u00edtica de la ciutadania, aixina com promoure la seua participaci\u00f3 en les institucions representatives de car\u00e0cter pol\u00edtic per mig de la presentaci\u00f3 i respal de candidatures en les corresponents eleccions. Adem\u00e9s pot considerar-se el primer partit creat per a recolzar, defendre i previndre a la societat davant d&#8217;unes situacions clim\u00e1tiques extremes, pand\u00e9miques i replantejar l&#8217;urbanisme actual que no est\u00e0 preparat per a estes noves crisis; un urbanisme ancorat en par\u00e1metres desfasats , mesclats en mala praxis pol\u00edtica, que propicia innumerables casos de corrupci\u00f3 i destrucci\u00f3 en el nostre territori. Incl\u00fas en els mesos posteriors a la Dana, s&#8217;ha aprofitat per a deixar m\u00e9s regna solta a un urbanisme en l&#8217;excusa de que fins ara tot eren barreres al desenroll. Les necessitats de la societat a nivell urban\u00edstic, realment descansa en poder tindre un sostre a on viure, i no fomentar la construcci\u00f3 i reconstrucci\u00f3 d&#8217;edificis per a inversi\u00f3 i especulaci\u00f3 d&#8217;una minoria econ\u00f2mica (ya en la seua majoria en mans de fondos estrangers que buiden ciutats dels seus aut\u00e9ntics habitants). L&#8217;ocupaci\u00f3, moltes voltes en mans de m\u00e1fies, tamb\u00e9 campen al seu gust. A\u00e7\u00f2 ha creat una classe pol\u00edtica i partits, constantment immersos en casos de corrupci\u00f3 que separen cada volta m\u00e9s a la societat de la democr\u00e0cia i de la seua pr\u00e1ctica per mig de la pol\u00edtica, posant en clar perill la democr\u00e1cia, creent quim\u00e9ricamente, que votant a partits radicals, es va a solucionar.<\/span><\/p><p><span style=\"font-weight: 400;\">Per aix\u00f3, no podem quedar-nos contemplant este espect\u00e1cul indecent, que rosega com un corc\u00f3 la societat i afonda la seua fractura. Per aix\u00f3, no s&#8217;a va a permetre que fondos econ\u00f3mics especulatius, que ya no poden especular en atres pa\u00efsos gr\u00e1cies a una regulaci\u00f3, convertixquen les nostres ciutats i pobles, en les seues v\u00edctimes prop\u00edcies.<\/span><\/p><p><span style=\"font-weight: 400;\">XIV. A a\u00e7\u00f3 devem afegir situacions clim\u00e0tiques extremes, cada volta m\u00e9s radicals, que han deixat clar, que superen a tots els responsables pol\u00edtics de tot signe pol\u00edtic. La classe pol\u00edtica ha respost vesprada i mal, no solament en la dana sino tamb\u00e9 en la pand\u00e9mia del Covid, estant carents de la capacitat d&#8217;assumir responsabilitats, carents de respostes eficaces i r\u00e1pides, juntant-se adem\u00e9s baralles pol\u00edtiques infames, que desacrediten a la democr\u00e1cia. Nos condenen a vore repetir la mateixos errors, en diferents escenaris de crisis, perque adem\u00e9s no aborden els problemes m\u00e9s all\u00e1 de lo que duren les seues llegislatures i vida pol\u00edtica personal. Per aix\u00f3, \u00e9s deure el nostre partit, tornar a crear la confian\u00e7a dels ciutadans en la pol\u00edtica, crear un urbanisme racional i solucions efectives a les crisis de diferent tipo que cada volta s\u00f3n m\u00e9s recurrents, donant solucions ans que succe\u00efxquen els problemes . Reorientar l&#8217;urbanisme amprant<\/span><span style=\"font-weight: 400;\">-ho<\/span><span style=\"font-weight: 400;\"> per a millorar la vida i la seguritat, i no per a finan\u00e7ar partits, ni enriquir pol\u00edtics, controlant les seues actuacions i focalisant la construcci\u00f3 en el respecte al patrimoni natural i hist\u00f3ric, en el ben com\u00fa i valorant els perills del lloc en situacions clim\u00e0tica extremes.<\/span><\/p><ol><li><span style=\"font-weight: 400;\"> Abordarem, adem\u00e9s d&#8217;estes situacions de crisis i desastre clim\u00e1tic\/hum\u00e1, un atre aspecte que no pot separar-se de l&#8217;anterior, i \u00e9s el de les crisis pand\u00e9miques que nos han assotat i assotaran com a sers humans, evitant tornar a caure en una situaci\u00f3 d&#8217;improvisaci\u00f3, caos i par\u00e0lisis social, preparant la societat per a amenaces que ya no s\u00f3n una quimera, sino una realitat que ya nos va colpejar, i que m\u00e9s vesprada o m\u00e9s primerenc, nos tornaran a visitar-nos, molt a pesar nostre, posant-nos de nou contra les cordes com a colectiu. D&#8217;esta manera, hi haur\u00e1 plans de fabricaci\u00f3 i acc\u00e9s de mascaretes aixina com d&#8217;atres elements necessaris per a emerg\u00e9ncies, llocs de tractament de pacients i acc\u00e9s al menjar i beguda a ciutadans. Al mateix <\/span><span style=\"font-weight: 400;\">temps<\/span><span style=\"font-weight: 400;\">, coordinaci\u00f3 i informaci\u00f3 de qualsevol informaci\u00f3 important per a abordar l&#8217;emerg\u00e9ncia i busca de solucions.<\/span><\/li><\/ol><p><span style=\"font-weight: 400;\">XVI. Ajudes als agricultors i ganaders en defensa de la seua exist\u00e9ncia i la dels seus descendents, per a no vore&#8217;s eliminats del seu h\u00e0bitat per culpa d&#8217;importacions d&#8217;explotacions en mans de oligarques en els que \u00e9s impossible competir i mantindre un modus vivendi digne en est\u00e0ndarts europeus.<\/span><\/p><p><span style=\"font-weight: 400;\">XVII. Prohibir l&#8217;eliminaci\u00f3 de camps de cultiu per a la construcci\u00f3 de parcs solars, fent que eixa energia solar siguen implantades en tots els terrats de n\u00facleus urbans, de la que primer es beneficiaran els ve\u00efns que tinguen eixes plaques. Tamb\u00e9 es fomentar\u00e0 la creaci\u00f3 de sostres verts, \u00e9s dir, horts de cultius hidrop\u00f3nics eficients en els terrats d&#8217;edificis p\u00fablics (aixina com sobre finques que ho demanen), mantinguts per poblaci\u00f3 fins a llavors en desocupaci\u00f3, que treballe en el seu manteniment per a l&#8217;ajuntament local, la collita del qual i beneficis siguen per als ve\u00efns i fins socials.<\/span><\/p><p><span style=\"font-weight: 400;\">XVIII. A les poblacions d\u2019Espanya que no han sigut afectades, pero que entenen que el nostre m\u00f3n actual est\u00e0 sent colpejat (i ho ser\u00e0 encara m\u00e9s en <\/span><span style=\"font-weight: 400;\">temps<\/span><span style=\"font-weight: 400;\"> venidors), per tota una serie de fenomens clim\u00e1tics, que posen en perill la pr\u00f3pia exist\u00e9ncia de la Humanitat tal i com la coneixem, aixina com el seu normal devindre, oferir-los totes les solucions possibles que s&#8217;adapten a la localitat, evitant que c\u00f3rreguen riscos presents i futurs. Per tot aix\u00f3 en el seu conjunt, s&#8217;analisaran els riscs, aixina com la situaci\u00f3 actual de les localitats en tots els seus aspectes, aportant solucions.<\/span><\/p><p><span style=\"font-weight: 400;\">XIX. Que eixa reconstrucci\u00f3 i preparaci\u00f3 per a futurs riscs, no siga l&#8217;oportunitat especulativa per <\/span><span style=\"font-weight: 400;\">part<\/span><span style=\"font-weight: 400;\"> d&#8217;els qui tenen com a prioritat enriquir-se gr\u00e1cies a v\u00ednculs pol\u00edtics, per lo que no podran participar en este proc\u00e9s, empreses que hagen sigut condenades per la just\u00edcia en algun moment precedent per activitats irregulars que afectat a l&#8217;erari p\u00fablic local, auton\u00f3mic o estatal.<\/span><\/p><ol><li><span style=\"font-weight: 400;\"> Tenint en conte que en el m\u00f3n actual, molts governs en diferents \u00e1mbits i nivells estan desafiant les lleis cient\u00edfiques posant en perill en ells als seus conciutadans, i no responen a les apressants necessitats i crisis que estem sofrint , recorrerem a una colaboraci\u00f3 essencial, a\u00e7\u00f3 \u00e9s, al m\u00f3n cient\u00edfic i les seues institucions, per tant, estretirem lla\u00e7os de primer orde en institucions cient\u00edfiques tant auton\u00f2miques, nacionals com a internacionals, que oferixquen solucions cient\u00edfiques reals i aplicables a tota esta problem\u00e0tica en que nos veem immersos i estem sofrint, directa i\/o indirectament.<\/span><\/li><\/ol><p><span style=\"font-weight: 400;\">XXI. Buscarem la plena ocupaci\u00f3 en la localitat a on pugam eixercir govern.<\/span><\/p><p><span style=\"font-weight: 400;\">XXII. Revisarem els salaris aixina com pujades realisades en els \u00faltims anys de sous dels pol\u00edtics dels ajuntaments, membres d&#8217;institucions auton\u00f3miques i estatals, i reduirem eixes despeses, tant reduint el s\u00f3u com eliminant aquells salaris i c\u00e1rrecs que resulten duplicats i\/o inefica\u00e7os, aixina com organismes que tinguen funcions puguen ser realisats per uns atres.<\/span><\/p><p><span style=\"font-weight: 400;\">XXIII. Eliminaci\u00f3 dels aforamientos pol\u00edtics, una tara que crea impunitat i desigualtat de just\u00edcia entre ciutadans.<\/span><\/p><p><span style=\"font-weight: 400;\">XXIV. Que l&#8217;Estat aixina com bombers d&#8217;atres autonomies (que deuen tindre contacte directe i immediat), puguen acodir en ajuda davant de cat\u00e1strofe naturals, sense impediments, coordinats en l&#8217;autonomia en el lloc. L&#8217;Estat, que \u00e9s qui t\u00e9 la capacitat i mijos efica\u00e7os, pr\u00e9via informaci\u00f3 i comunicaci\u00f3 del delegat\/a de el Govern en l&#8217;autonomia, sense rec\u00f3rrer o si no hi ha m\u00e9s remei, al 155, podr\u00e1 intervindre en l&#8217;autonomia afectada per una cat\u00e0strofe. L&#8217;Autonomia, acompanyar\u00e0 en la gesti\u00f3. En els desastres, la rapidesa es vital per a salvar vides, com s&#8217;ha demostrat i demostra. Les v\u00edctimes, en eixos moments no entenen d&#8217;autonomies, ni de pol\u00edtics, ni de les seues capacitats, incapacitat, caprichos, sensibilitats auton\u00f3miques o ideologies.<\/span><\/p><p><span style=\"font-weight: 400;\">XXV. Ajuda concreta als J\u00f3vens mamprenedors i posada en marcha dels seus proyectes.<\/span><\/p><p><span style=\"font-weight: 400;\">XXVI. Construcci\u00f3 de vivendes VPO per a lluitar contra els preus desorbitats de les vivendes, pero en un control que tinga en conte els elements que es contemplen en el seg\u00fcent punt.<\/span><\/p><p><span style=\"font-weight: 400;\">XXVII. Que la construcci\u00f3 de nova vivenda, comporte la protecci\u00f3 dels espais naturals que encara conserven elements naturals i l&#8217;horta (que no significa evitar realisar les infraestructures i estructures per a la protecci\u00f3 de les poblacions, que \u00e9s el m\u00e0xim objectiu) per a que no siguen l&#8217;assut continuat de la construcci\u00f3 que acaba convertint els ajuntaments, en la secci\u00f3 ejecutora de les constructores, que en tants casos de corrupci\u00f3 han empanyado la nostra pol\u00edtica en tots els nivells.<\/span><\/p><p><span style=\"font-weight: 400;\">XXVIII. Que les cases i pisos que es troben sense ser habitats, siguen catalogats i es puga alcan\u00e7ar un acort en els propietaris particulars, per al lloguer o venda, incentivant al propietari pero mai obligant a fer<\/span><span style=\"font-weight: 400;\">-ho<\/span><span style=\"font-weight: 400;\">.<\/span><\/p><p><span style=\"font-weight: 400;\">XXIX. Aquells bancs que actius o absorbits, hagueren rebut ajuda de l&#8217;estat per al seu rescat i que s\u00f3n grans beneficiats en diners p\u00fablics, estaran obligats a lloguer\/venda de les propietats en la seua haver i ajuda en prestem a la gent jove per a la seua vivenda, en compensaci\u00f3 de l&#8217;esfor\u00e7 realisat per l&#8217;Estat, que representa a tots els ciutadans.<\/span><\/p><p><span style=\"font-weight: 400;\">XXX. Els espais naturals, que tamb\u00e9 s\u00f3n v\u00edctimes afectades en la situaci\u00f3 clim\u00e1tica transtornada, aixina com de la transformaci\u00f3 desapiadada del ser hum\u00e1 en l&#8217;espai i paisage, rebran una atenci\u00f3 especial i mides espec\u00edfiques de protecci\u00f3 real davant d&#8217;estos fenomens canviants i que els posen en perill.<\/span><\/p><p><span style=\"font-weight: 400;\">XXXI. Es practicar\u00e1 la democr\u00e1cia directa oferint al poble la possibilitat de pronunciar-se sobre temes que afecten a la poblaci\u00f3. L&#8217;iniciativa tant pot ser de l&#8217;ajuntament com del poble i el refer\u00e8ndum s\u00f3n els instruments clau del sistema democr\u00e0tic-directe. Aixina el poble tindr\u00e0 una participaci\u00f3 substancial en les decisions pol\u00edtiques en tots els \u00e0mbits. L&#8217;iniciativa popular oferix als ciutadans i ciutadanes la possibilitat de presentar les seues propostes, i d&#8217;esta manera s&#8217;estimula o reinicia el debat pol\u00edtic sobre un tema espec\u00edfic.<\/span><\/p><p><span style=\"font-weight: 400;\">XXXII. En definitiva, la lluita per la millora de les condicions de vida de les persones, defenent els seus drets, la seua seguritat, les seues vides, el seu present i futur, fomentant la seua participaci\u00f3, donant-los veu i vot en la presa de decisions de les pol\u00edtiques p\u00fabliques a desenrollar, creant i\/o utilisant instruments de participaci\u00f3 real a l&#8217;alcan\u00e7 de tots . Igualment, crear vies de comunicaci\u00f3 directa i efectiva en les persones, oferint informaci\u00f3 detallada de tot all\u00f2 a realisar, aixina com dels avan\u00e7os i progressos realisats.<\/span><\/p>\t\t\t\t\t\t\t\t<\/div>\n\t\t\t\t<\/div>\n\t\t\t\t\t<\/div>\n\t\t\t\t<\/div>\n\t\t\t\t<\/div>","protected":false},"excerpt":{"rendered":"<p>Conoce nuestros estatutos ADN\/ Estatuts per a Espanya Ya has vist fa un moment les moltes idees que oferim. Evidentment , tots estos punts seran ampliats en el temps, conforme el partit vaja coneixent en persona (o en informacions que nos apleguen o nos informeu) el territori nacional, ple de problemes i poques solucions reals. [&hellip;]<\/p>\n","protected":false},"author":1,"featured_media":0,"parent":0,"menu_order":0,"comment_status":"closed","ping_status":"closed","template":"","meta":{"footnotes":""},"class_list":["post-1156","page","type-page","status-publish","hentry"],"lang":"val","translations":{"val":1156,"ca":1118,"es":17,"eu":1144,"gl":1178,"an":1195,"atln":1213},"_links":{"self":[{"href":"https:\/\/renacerenaixer.es\/val\/wp-json\/wp\/v2\/pages\/1156","targetHints":{"allow":["GET"]}}],"collection":[{"href":"https:\/\/renacerenaixer.es\/val\/wp-json\/wp\/v2\/pages"}],"about":[{"href":"https:\/\/renacerenaixer.es\/val\/wp-json\/wp\/v2\/types\/page"}],"author":[{"embeddable":true,"href":"https:\/\/renacerenaixer.es\/val\/wp-json\/wp\/v2\/users\/1"}],"replies":[{"embeddable":true,"href":"https:\/\/renacerenaixer.es\/val\/wp-json\/wp\/v2\/comments?post=1156"}],"version-history":[{"count":7,"href":"https:\/\/renacerenaixer.es\/val\/wp-json\/wp\/v2\/pages\/1156\/revisions"}],"predecessor-version":[{"id":1417,"href":"https:\/\/renacerenaixer.es\/val\/wp-json\/wp\/v2\/pages\/1156\/revisions\/1417"}],"wp:attachment":[{"href":"https:\/\/renacerenaixer.es\/val\/wp-json\/wp\/v2\/media?parent=1156"}],"curies":[{"name":"wp","href":"https:\/\/api.w.org\/{rel}","templated":true}]}}