{"id":1178,"date":"2025-10-27T17:12:20","date_gmt":"2025-10-27T17:12:20","guid":{"rendered":"https:\/\/renacerenaixer.es\/?page_id=1178"},"modified":"2025-11-23T16:58:33","modified_gmt":"2025-11-23T16:58:33","slug":"adn-estatutos-para-espana","status":"publish","type":"page","link":"https:\/\/renacerenaixer.es\/gl\/adn-estatutos-para-espana\/","title":{"rendered":"ADN \/ Estatutos para Espa\u00f1a"},"content":{"rendered":"<div data-elementor-type=\"wp-page\" data-elementor-id=\"1178\" class=\"elementor elementor-1178\" data-elementor-post-type=\"page\">\n\t\t\t\t<div class=\"elementor-element elementor-element-7edd5f7d e-flex e-con-boxed e-con e-parent\" data-id=\"7edd5f7d\" data-element_type=\"container\" data-e-type=\"container\" data-settings=\"{&quot;background_background&quot;:&quot;classic&quot;}\">\n\t\t\t\t\t<div class=\"e-con-inner\">\n\t\t\t\t<div class=\"elementor-element elementor-element-68c74229 elementor-widget elementor-widget-heading\" data-id=\"68c74229\" data-element_type=\"widget\" data-e-type=\"widget\" data-widget_type=\"heading.default\">\n\t\t\t\t<div class=\"elementor-widget-container\">\n\t\t\t\t\t<h2 class=\"elementor-heading-title elementor-size-default\">Conoce nuestros estatutos<\/h2>\t\t\t\t<\/div>\n\t\t\t\t<\/div>\n\t\t\t\t\t<\/div>\n\t\t\t\t<\/div>\n\t\t<div class=\"elementor-element elementor-element-05498d8 e-flex e-con-boxed e-con e-child\" data-id=\"05498d8\" data-element_type=\"container\" data-e-type=\"container\">\n\t\t\t\t\t<div class=\"e-con-inner\">\n\t\t\t\t<div class=\"elementor-element elementor-element-3fb4b6a elementor-widget elementor-widget-heading\" data-id=\"3fb4b6a\" data-element_type=\"widget\" data-e-type=\"widget\" data-widget_type=\"heading.default\">\n\t\t\t\t<div class=\"elementor-widget-container\">\n\t\t\t\t\t<h2 class=\"elementor-heading-title elementor-size-default\">ADN \/ Estatutos para Espa\u00f1a<\/h2>\t\t\t\t<\/div>\n\t\t\t\t<\/div>\n\t\t\t\t<div class=\"elementor-element elementor-element-dca3fdc elementor-widget__width-initial elementor-widget elementor-widget-text-editor\" data-id=\"dca3fdc\" data-element_type=\"widget\" data-e-type=\"widget\" data-widget_type=\"text-editor.default\">\n\t\t\t\t<div class=\"elementor-widget-container\">\n\t\t\t\t\t\t\t\t\t<p><strong>Todos estes puntos ser\u00e1n ampliados co tempo, conforme o partido vaia co\u00f1ecendo no territorio nacional m\u00e1is problem\u00e1ticas que complican a vida dos cidad\u00e1ns.<\/strong><\/p><p>I.A corrupci\u00f3n \u00e9 pobreza social, alimentada no \u00e1mbito pol\u00edtico\/empresarial. Cando se adxudica obra p\u00fablica, unha empresa presenta unha oferta moi baixa, e gana a competidores legais. Despois, xa ga\u00f1ada, modif\u00edcase \u00e1 alza o custo e reparte o di\u00f1eiro cos pol\u00edticos, por iso, hai que po\u00f1er controis posteriores ao conseguirse a obra.<\/p><p>II.Protecci\u00f3n con instrumentos xur\u00eddicos, aos denunciantes por corrupci\u00f3n, que evite represalias e que lle corten o seu ascenso na administraci\u00f3n, en todo caso, premialos.<\/p><p>III.Profesionalizar o funcionariado eliminando os nomeamentos internos que realizan os partidos en empresas que te\u00f1en alg\u00fan tipo de presenza p\u00fablica como sociedades estatais, nome\u00e1ndose, previa selecci\u00f3n meritocr\u00e1tica, profesionais do ramo, con experiencia probada e val\u00eda, evitando redes clientelares.<\/p><p>IV.Prohibir as portas giratorias e\/o cargos de asesoramento, impo\u00f1endo multa que supo\u00f1a o salario conseguido nese novo cargo.<\/p><p>V.Que a Lei de Transparencia elimine as excepci\u00f3ns e causas de inadmisi\u00f3n na achega de datos e ademais poida impo\u00f1er sanci\u00f3ns e medidas de execuci\u00f3n forzosa de car\u00e1cter coercitivo.<\/p><p>VI.Prohibir o dereito para modificar os contratos de obras por imprevisibilidad ou por novas necesidades ou conveniencias pol\u00edticas, xa que pervierte o sistema de contrataci\u00f3n publica e a libre competencia, sendo a empresa a que asuma esa modificaci\u00f3n, non o erario p\u00fablico.<\/p><p>VII.Control detallado na contrataci\u00f3n directa polo procedemento de urxencia e contratos menores, xa que son un coladero tam\u00e9n de corrupci\u00f3n.<\/p><p>VIII.A Lei non pode ser el\u00e1stica e deixar ocos nin aos corruptores nin ao corrompido, desde o nivel local, auton\u00f3mico e estatal, acoutando a marxe de manobra dos pol\u00edticos en materia urban\u00edstica, grazas a instrumentos de control, supervisi\u00f3n externa e xustificaci\u00f3n t\u00e9cnica.<\/p><p>IX.Que calquera empresa que estivese implicada en cargos de corrupci\u00f3n , sexa eliminada de calquera concurso a obra p\u00fablica.<\/p><p>X.Establecer controis cruzados entre administraci\u00f3ns<\/p><p>XI.Perseguir artima\u00f1as como o fraccionamento do prezo das obras para non superar o l\u00edmite legal que obriga a realizar un procedemento con publicidade.<\/p><p>XII. Contribu\u00edr democraticamente \u00e1 formaci\u00f3n da vontade pol\u00edtica da cidadan\u00eda, as\u00ed como promover a s\u00faa participaci\u00f3n nas instituci\u00f3ns representativas de car\u00e1cter pol\u00edtico mediante a presentaci\u00f3n e apoio de candidaturas nas correspondentes elecci\u00f3ns. Ademais pode considerarse o primeiro partido creado para apoiar, defender e previr \u00e1 sociedade diante dunhas situaci\u00f3ns clim\u00e1ticas extremas, pand\u00e9micas e reformular o urbanismo actual que non est\u00e1 preparado para estas novas crises; un urbanismo ancorado en par\u00e1metros desfasados , mesturados con mala praxe pol\u00edtica, que propicia innumerables casos de corrupci\u00f3n e destruci\u00f3n no noso territorio. Mesmo nos meses posteriores \u00e1 Dana, aproveitouse para deixar m\u00e1is renda solta a un urbanismo coa escusa de que ata o de agora todo eran barreiras ao desenvolvemento. As necesidades da sociedade a nivel urban\u00edstico, realmente descansa en poder ter un teito onde vivir, e non fomentar a construci\u00f3n e reconstruci\u00f3n de edificios para investimento e especulaci\u00f3n dunha minor\u00eda econ\u00f3mica (xa na s\u00faa maior\u00eda en mans de fondos estranxeiros que baleiran cidades dos seus aut\u00e9nticos habitantes). A ocupaci\u00f3n, moitas veces en mans de mafias, tam\u00e9n campan ao seu gusto. Isto creou unha clase pol\u00edtica e partidos, constantemente inmersos en casos de corrupci\u00f3n que separan cada vez m\u00e1is \u00e1 sociedade da democracia e da s\u00faa pr\u00e1ctica mediante a pol\u00edtica, po\u00f1endo en claro perigo a democracia, crendo quim\u00e9ricamente, que votando a partidos radicais, vai solucionar. Por iso, non podemos quedarnos contemplando este espect\u00e1culo indecente, que carcome a sociedade e profunda a s\u00faa fractura. Por iso, non lla vai permitir que fondos econ\u00f3micos especulativos, que xa non poden especular noutros pa\u00edses grazas a unha regulaci\u00f3n, convertan as nosas cidades e pobos, nas s\u00faas v\u00edtimas propicias.<\/p><p>XII. A isto debemos engadir situaci\u00f3ns clim\u00e1ticas extremas, cada vez m\u00e1is radicais, que deixaron claro, que superan a todos os responsables pol\u00edticos de todo signo pol\u00edtico. A clase pol\u00edtica ha respondido tarde e mal, non s\u00f3 coa dana sen\u00f3n tam\u00e9n coa pandemia do Covid, estando carentes da capacidade de asumir responsabilidades, carentes de respostas eficaces e r\u00e1pidas, xunt\u00e1ndose ademais pelexas pol\u00edticas infames, que desacreditan \u00e1 democracia. Cond\u00e9nannos a ver repetir a mesmos erros, en diferentes escenarios de crises, porque ademais non abordan os problemas m\u00e1is al\u00f3 do que duran as s\u00faas lexislaturas e vida pol\u00edtica persoal. Por iso, \u00e9 deber do noso partido, volver crear a confianza dos cidad\u00e1ns na pol\u00edtica, crear un urbanismo racional e soluci\u00f3ns efectivas \u00e1s crises de diferente tipo que cada vez son m\u00e1is recorrentes, dando soluci\u00f3ns antes de que sucedan os problemas . Reorientar o urbanismo empreg\u00e1ndoo para mellorar a vida e a seguridade, e non para financiar partidos, nin enriquecer pol\u00edticos, controlando as s\u00faas actuaci\u00f3ns e focalizando a construci\u00f3n no respecto ao patrimonio natural e hist\u00f3rico, no ben com\u00fan e valorando os perigos do lugar en situaci\u00f3ns clim\u00e1tica extremas.<\/p><p>XIV. Abordaremos, ademais destas situaci\u00f3ns de crises e desastre clim\u00e1tico\/humano, outro aspecto que non pode separarse do anterior, e \u00e9 o das crises pand\u00e9micas que nos azoutaron e azoutar\u00e1n como seres humanos, evitando volver caer nunha situaci\u00f3n de improvisaci\u00f3n, caos e par\u00e1lise social, preparando a sociedade para ameazas que xa non son unha quimera, sen\u00f3n unha realidade que xa nos golpeou, e que m\u00e1is tarde ou m\u00e1is cedo, volver\u00e1n visitar #nos, moi a pesar noso, po\u00f1\u00e9ndonos de novo contra as cordas como colectivo. Deste xeito, haber\u00e1 plans de fabricaci\u00f3n e acceso de m\u00e1scaras as\u00ed como doutros elementos necesarios para emerxencias, lugares de tratamento de pacientes e acceso \u00e1 comida e bebida a cidad\u00e1ns. Ao mesmo tempo, coordinaci\u00f3n e informaci\u00f3n de calquera informaci\u00f3n importante para abordar a emerxencia e procura de soluci\u00f3ns.<\/p><p>XV. Axudas aos agricultores e gandeiros en defensa da s\u00faa existencia e a dos seus descendentes, para non verse eliminados do seu h\u00e1bitat por culpa de importaci\u00f3ns de explotaci\u00f3ns en mans de oligarcas cos que \u00e9 imposible competir e manter un modus vivendi digno con est\u00e1ndares europeos.<\/p><p>XVI. Prohibir a eliminaci\u00f3n de campos de cultivo para a construci\u00f3n de parques solares, facendo que esa enerx\u00eda solar sexan implantadas en todos as terrazas de n\u00facleos urbanos, da que primeiro se beneficiar\u00e1n os veci\u00f1os que te\u00f1an esas placas. Tam\u00e9n se fomentar\u00e1 a creaci\u00f3n de teitos verdes, \u00e9 dicir, hortos de cultivos hidrop\u00f3nicos eficientes nas terrazas de edificios p\u00fablicos (as\u00ed como sobre leiras que o pidan), mantidos por poboaci\u00f3n ata ent\u00f3n en paro, que traballe no seu mantemento para o concello local, cuxa cultiva e beneficios sexan para os veci\u00f1os e fins sociais.<\/p><p>XVII. \u00c1s poboaci\u00f3ns do Estado Espa\u00f1ol que non foron afectadas, pero que entenden que o noso mundo actual est\u00e1 a ser golpeado (e o ser\u00e1 a\u00ednda m\u00e1is en tempos vindeiros), por toda unha serie de fen\u00f3menos clim\u00e1ticos, que po\u00f1en en perigo a propia existencia da Humanidade tal e como a co\u00f1ecemos, as\u00ed como o seu normal devir, ofrecerlles todas as soluci\u00f3ns posibles que se adapten \u00e1 localidade, evitando que corran riscos presentes e futuros. Por todo iso no seu conxunto, analizaranse os riscos, as\u00ed como a situaci\u00f3n actual das localidades en todos os seus aspectos, achegando soluci\u00f3ns.<\/p><p>XVIII. Que esa reconstruci\u00f3n e preparaci\u00f3n para futuros riscos, non sexa a oportunidade especulativa por parte de quen ten como prioridade enriquecerse grazas a v\u00ednculos pol\u00edticos, polo que non poder\u00e1n participar neste proceso, empresas que fosen condenadas pola xustiza nalg\u00fan momento precedente por actividades irregulares que afectado o erario p\u00fablico local, auton\u00f3mico ou estatal.<\/p><p>XIV.Teniendo en cuenta que no mundo actual, moitos gobernos en diferentes \u00e1mbitos e niveis est\u00e1n a desafiar as leis cient\u00edficas po\u00f1endo en perigo con eles aos seus concidad\u00e1ns, e non responden \u00e1s perentorias necesidades e crises que estamos a sufrir , recorreremos a unha colaboraci\u00f3n esencial, isto \u00e9, ao mundo cient\u00edfico e as s\u00faas instituci\u00f3ns, por tanto, estreitaremos lazos de primeira orde con instituci\u00f3ns cient\u00edficas tanto auton\u00f3micas, nacionais como internacionais, que ofrezan soluci\u00f3ns cient\u00edficas reais e aplicables a toda esta problem\u00e1tica en que nos vemos inmersos e estamos a sufrir, directa e\/o indirectamente.<\/p><p>XX. Buscaremos o pleno emprego na localidade onde podamos exercer goberno.<\/p><p>XXI. Revisaremos os salarios as\u00ed como subidas realizadas nos \u00faltimos anos de soldos dos pol\u00edticos dos concellos, membros de instituci\u00f3ns auton\u00f3micas e estatais, e reduciremos eses gastos, tanto reducindo o soldo como eliminando aqueles salarios e cargos que resulten duplicados e\/o ineficaces, as\u00ed como organismos que te\u00f1an funci\u00f3ns poidan ser realizados por outros.<\/p><p>XXII. Eliminaremos as Deputaci\u00f3ns, sendo absorbidas as s\u00faas funci\u00f3ns por outros existentes e o di\u00f1eiro dedicado ao seu funcionamento, ser\u00e1 redirixido \u00e1 aplicaci\u00f3n desas reformas en axuda real da poboaci\u00f3n. As poboaci\u00f3ns pequenas (que son as teoricamente beneficiadas da existencia da Deputaci\u00f3n, pero que son utilizadas como escusa para manter unha bolsa de cargos pol\u00edticos prescindibles), non deben notar a eliminaci\u00f3n das Deputaci\u00f3ns a. nivel operativo nin econ\u00f3mico. Con todo, o di\u00f1eiro dedicado ao mantemento da maquinaria pol\u00edtica da propia Deputaci\u00f3n, que absorve case a metade do orzamento, ser\u00e1 destinado a esas reformas que buscamos. Aqueles traballadores dependentes da Deputaci\u00f3n, especializados, non de orixe pol\u00edtica, ser\u00e1n reintegrados inmediatamente en organismos preexistentes, sen ning\u00fan prexu\u00edzo.<\/p><p>XXIII. Eliminaci\u00f3n dos aforamientos pol\u00edticos, unha secuela que crea impunidade e desigualdade de xustiza entre cidad\u00e1ns.<\/p><p>XXIV. Que o Estado as\u00ed como bombeiros doutras autonom\u00edas (que deben ter contacto directo e inmediato), poidan acudir en axuda diante de cat\u00e1strofes naturais, sen impedimentos, coordinados coa autonom\u00eda no lugar. O Estado, que \u00e9 quen ten a capacidade e medios eficaces, previa informaci\u00f3n e comunicaci\u00f3n do delegado\/a de o Goberno na autonom\u00eda, sen recorrer ao 155, poder\u00e1 intervir na autonom\u00eda afectada por unha cat\u00e1strofe. A Autonom\u00eda, acompa\u00f1ar\u00e1 na xesti\u00f3n. Nos desastres, a rapidez necesaria para salvar vidas, como se demostrou e demostra, as v\u00edtimas, neses momentos non entenden de autonom\u00edas, nin de pol\u00edticos, nin das s\u00faas capacidades, incapacidades, caprichos, sensibilidades auton\u00f3micas ou ideolox\u00edas.<\/p><p>XXV. Axuda concreta aos Mozas emprendedores e posta en marcha dos seus proxectos.<\/p><p>XXVI. Construci\u00f3n de vivendas VPO para loitar contra os prezos desorbitados das vivendas, pero cun control que te\u00f1a en conta os elementos que se contemplan no seguinte punto.<\/p><p>XXVII. Que a construci\u00f3n de nova vivenda, conleve a protecci\u00f3n dos espazos naturais que a\u00ednda conservan elementos naturais e a horta (que non significa evitar realizar as infraestruturas e estruturas para a protecci\u00f3n das poboaci\u00f3ns, que \u00e9 o m\u00e1ximo obxectivo) para que non sexan a presa continuada da construci\u00f3n que acaba convertendo os concellos, na secci\u00f3n executora das construtoras, que en tantos casos de corrupci\u00f3n embazaron a nosa pol\u00edtica en todos os niveis.<\/p><p>XXVIII. Que as casas e pisos que se atopan sen ser habitados, sexan catalogados e p\u00f3idase alcanzar un acordo cos propietarios particulares, para o alugueiro ou venda, incentivando ao propietario pero nunca obrigando a facelo.<\/p><p>XXIX. Aqueles bancos que activos ou absorbidos, recibisen axuda do estado para o seu rescate e que son grandes beneficiados con di\u00f1eiro p\u00fablico, estar\u00e1n obrigados a alugueiro\/venda das propiedades no seu haber e axuda en prestamos \u00e1 xente nova para a s\u00faa vivenda, en compensaci\u00f3n do esforzo realizado polo Estado, que representa a todos os cidad\u00e1ns.<\/p><p>XXX. Os espazos naturais, que tam\u00e9n son v\u00edtimas afectadas na situaci\u00f3n clim\u00e1tica transtornada, as\u00ed como da transformaci\u00f3n desapiadada do ser humano no espazo e paisaxe, recibir\u00e1n unha atenci\u00f3n especial e medidas espec\u00edficas de protecci\u00f3n real diante destes fen\u00f3menos cambiantes e que os po\u00f1en en perigo.<\/p><p>XXXI. Practicarase a democracia directa ofrecendo ao pobo a posibilidade de pronunciarse sobre temas que afecten \u00e1 poboaci\u00f3n. A iniciativa tanto pode ser do concello como do pobo e o referendo son os instrumentos crave do sistema democr\u00e1tico-directo. As\u00ed o pobo ter\u00e1 unha participaci\u00f3n substancial nas decisi\u00f3ns pol\u00edticas en todos os \u00e1mbitos. A iniciativa popular ofrece aos cidad\u00e1ns e cidad\u00e1s a posibilidade de presentar as s\u00faas propostas, e deste xeito estim\u00falase ou reinicia o debate pol\u00edtico sobre un tema espec\u00edfico.<\/p><p>XXXII. En definitiva, a loita pola mellora das condici\u00f3ns de vida das persoas, defendendo os seus dereitos, a s\u00faa seguridade, as s\u00faas vidas, o seu presente e futuro, fomentando a s\u00faa participaci\u00f3n, d\u00e1ndolles voz e voto na toma de decisi\u00f3ns das pol\u00edticas p\u00fablicas a desenvolver, creando e\/o utilizando instrumentos de participaci\u00f3n real ao alcance de todos . Igualmente, crear v\u00edas de comunicaci\u00f3n directa e efectiva coas persoas, ofrecendo informaci\u00f3n detallada de todo aquilo a realizar, as\u00ed como dos avances e progresos realizados.<\/p>\t\t\t\t\t\t\t\t<\/div>\n\t\t\t\t<\/div>\n\t\t\t\t\t<\/div>\n\t\t\t\t<\/div>\n\t\t\t\t<\/div>","protected":false},"excerpt":{"rendered":"<p>Conoce nuestros estatutos ADN \/ Estatutos para Espa\u00f1a Todos estes puntos ser\u00e1n ampliados co tempo, conforme o partido vaia co\u00f1ecendo no territorio nacional m\u00e1is problem\u00e1ticas que complican a vida dos cidad\u00e1ns. I.A corrupci\u00f3n \u00e9 pobreza social, alimentada no \u00e1mbito pol\u00edtico\/empresarial. Cando se adxudica obra p\u00fablica, unha empresa presenta unha oferta moi baixa, e gana a [&hellip;]<\/p>\n","protected":false},"author":1,"featured_media":0,"parent":0,"menu_order":0,"comment_status":"closed","ping_status":"closed","template":"","meta":{"footnotes":""},"class_list":["post-1178","page","type-page","status-publish","hentry"],"lang":"gl","translations":{"gl":1178,"ca":1118,"es":17,"eu":1144,"val":1156,"an":1195,"atln":1213},"_links":{"self":[{"href":"https:\/\/renacerenaixer.es\/gl\/wp-json\/wp\/v2\/pages\/1178","targetHints":{"allow":["GET"]}}],"collection":[{"href":"https:\/\/renacerenaixer.es\/gl\/wp-json\/wp\/v2\/pages"}],"about":[{"href":"https:\/\/renacerenaixer.es\/gl\/wp-json\/wp\/v2\/types\/page"}],"author":[{"embeddable":true,"href":"https:\/\/renacerenaixer.es\/gl\/wp-json\/wp\/v2\/users\/1"}],"replies":[{"embeddable":true,"href":"https:\/\/renacerenaixer.es\/gl\/wp-json\/wp\/v2\/comments?post=1178"}],"version-history":[{"count":7,"href":"https:\/\/renacerenaixer.es\/gl\/wp-json\/wp\/v2\/pages\/1178\/revisions"}],"predecessor-version":[{"id":1407,"href":"https:\/\/renacerenaixer.es\/gl\/wp-json\/wp\/v2\/pages\/1178\/revisions\/1407"}],"wp:attachment":[{"href":"https:\/\/renacerenaixer.es\/gl\/wp-json\/wp\/v2\/media?parent=1178"}],"curies":[{"name":"wp","href":"https:\/\/api.w.org\/{rel}","templated":true}]}}