{"id":1118,"date":"2025-10-27T14:57:23","date_gmt":"2025-10-27T14:57:23","guid":{"rendered":"https:\/\/renacerenaixer.es\/?page_id=1118"},"modified":"2025-11-23T17:10:14","modified_gmt":"2025-11-23T17:10:14","slug":"adn-estatuts-per-a-espanya","status":"publish","type":"page","link":"https:\/\/renacerenaixer.es\/ca\/adn-estatuts-per-a-espanya\/","title":{"rendered":"ADN \/ Estatuts per a Espanya"},"content":{"rendered":"<div data-elementor-type=\"wp-page\" data-elementor-id=\"1118\" class=\"elementor elementor-1118\" data-elementor-post-type=\"page\">\n\t\t\t\t<div class=\"elementor-element elementor-element-7edd5f7d e-flex e-con-boxed e-con e-parent\" data-id=\"7edd5f7d\" data-element_type=\"container\" data-e-type=\"container\" data-settings=\"{&quot;background_background&quot;:&quot;classic&quot;}\">\n\t\t\t\t\t<div class=\"e-con-inner\">\n\t\t\t\t<div class=\"elementor-element elementor-element-68c74229 elementor-widget elementor-widget-heading\" data-id=\"68c74229\" data-element_type=\"widget\" data-e-type=\"widget\" data-widget_type=\"heading.default\">\n\t\t\t\t<div class=\"elementor-widget-container\">\n\t\t\t\t\t<h2 class=\"elementor-heading-title elementor-size-default\">Conoce nuestros estatutos<\/h2>\t\t\t\t<\/div>\n\t\t\t\t<\/div>\n\t\t\t\t\t<\/div>\n\t\t\t\t<\/div>\n\t\t<div class=\"elementor-element elementor-element-05498d8 e-flex e-con-boxed e-con e-child\" data-id=\"05498d8\" data-element_type=\"container\" data-e-type=\"container\">\n\t\t\t\t\t<div class=\"e-con-inner\">\n\t\t\t\t<div class=\"elementor-element elementor-element-3fb4b6a elementor-widget elementor-widget-heading\" data-id=\"3fb4b6a\" data-element_type=\"widget\" data-e-type=\"widget\" data-widget_type=\"heading.default\">\n\t\t\t\t<div class=\"elementor-widget-container\">\n\t\t\t\t\t<h2 class=\"elementor-heading-title elementor-size-default\">ADN \/ Estatuts per a Espanya<\/h2>\t\t\t\t<\/div>\n\t\t\t\t<\/div>\n\t\t\t\t<div class=\"elementor-element elementor-element-dca3fdc elementor-widget__width-initial elementor-widget elementor-widget-text-editor\" data-id=\"dca3fdc\" data-element_type=\"widget\" data-e-type=\"widget\" data-widget_type=\"text-editor.default\">\n\t\t\t\t<div class=\"elementor-widget-container\">\n\t\t\t\t\t\t\t\t\t<p><strong>Ja has vist fa un moment les moltes de les idees que oferim. Evidentment , tots aquests punts seran ampliats amb el temps, conforme el partit vagi coneixent en persona (o amb informacions que ens arribin o ens informeu) el territori nacional, ple de problemes i poques solucions reals. Posarem m\u00e9s, encara que caldria escriure mil p\u00e0gines. Tingues per segura una cosa, canviarem la realitat costi el que costi, perqu\u00e8 es deu i es pot. L&#8217;\u00fanica cosa que no es pot canviar \u00e9s la mort.<\/strong><\/p><p><strong>I.la corrupci\u00f3 \u00e9s pobresa social, alimentada en l&#8217;\u00e0mbit pol\u00edtic\/empresarial. Quan s&#8217;adjudica obra p\u00fablica, una empresa presenta una oferta molt baixa, i gana a competidors legals. Despr\u00e9s, ja guanyada, es modifica a l&#8217;al\u00e7a el cost i reparteix els diners amb els pol\u00edtics, per aix\u00f2, cal posar controls posteriors en aconseguir-se l&#8217;obra.<\/strong><\/p><p>II.Protecci\u00f3 amb instruments jur\u00eddics, als denunciants per corrupci\u00f3, que eviti repres\u00e0lies i que li tallin el seu ascens en l&#8217;administraci\u00f3, en tot cas, premiar-los.<\/p><p>III.Professionalitzar el funcionariat eliminant els nomenaments interns que realitzen els partits en empreses que tenen algun tipus de pres\u00e8ncia p\u00fablica com a societats estatals, nomenant-se, pr\u00e8via selecci\u00f3 meritocr\u00e0tica, professionals del ram, amb experi\u00e8ncia provada i valia, evitant xarxes clientelistes.<\/p><p>IV.Prohibir les portes girat\u00f2ries i\/o c\u00e0rrecs d&#8217;assessorament, imposant multa que suposi el salari aconseguit en aquest nou c\u00e0rrec.<\/p><p>V.Que la Llei de Transpar\u00e8ncia elimini les excepcions i causes d&#8217;inadmissi\u00f3 en l&#8217;aportaci\u00f3 de dades i a m\u00e9s pugui imposar sancions i mesures d&#8217;execuci\u00f3 for\u00e7osa de car\u00e0cter coercitiu.<\/p><p>VI.Prohibir el dret a modificar els contractes d&#8217;obres per imprevisibilitat o per noves necessitats o conveni\u00e8ncies pol\u00edtiques, ja que perverteix el sistema de contractaci\u00f3 publica i la lliure compet\u00e8ncia, sent l&#8217;empresa la que assumeixi aquesta modificaci\u00f3, no l&#8217;erari p\u00fablic.<\/p><p>VII.Control detallat en la contractaci\u00f3 directa pel procediment d&#8217;urg\u00e8ncia i contractes menors, ja que s\u00f3n un colador tamb\u00e9 de corrupci\u00f3.<\/p><p>Viii.la Llei no pot ser el\u00e0stica i deixar buits ni als corruptors ni al corromput, des del nivell local, auton\u00f2mic i estatal, delimitant el marge de maniobra dels pol\u00edtics en mat\u00e8ria urban\u00edstica, gr\u00e0cies a instruments de control, supervisi\u00f3 externa i justificaci\u00f3 t\u00e8cnica.<\/p><p>IX.Que qualsevol empresa que hagi estat implicada en c\u00e0rrecs de corrupci\u00f3 , sigui eliminada de qualsevol concurs a obra p\u00fablica.<\/p><p>X.Establir controls creuats entre administracions<\/p><p>XI.Perseguir ardits com el fraccionament del preu de les obres per a no superar el l\u00edmit legal que obliga a realitzar un procediment amb publicitat.<span style=\"font-weight: 400;\"><br \/><\/span><span style=\"font-weight: 400;\"><br \/><\/span><span style=\"font-weight: 400;\"><strong>XII.<\/strong> Abans de numerar algunes idees irrenunciables, hem de ser realistes, i sense diners, no hi ha podem dur a terme moltes importants reformes. En un Estat endeutat com aquest, hi ha una Hipertr\u00f2fia de cares i in\u00fatils institucions, on xipolleja un <\/span><span style=\"font-weight: 400;\">neo-caciquisme<\/span><span style=\"font-weight: 400;\"> que nom\u00e9s serveix per a col\u00b7locar <\/span><span style=\"font-weight: 400;\">pol\u00edtics<\/span><span style=\"font-weight: 400;\">, crear Barons territorials inefica\u00e7os i es desenvolupa una sagnia econ\u00f2mica que va a m\u00e9s. Per aix\u00f2:<\/span><span style=\"font-weight: 400;\"><br \/><\/span><span style=\"font-weight: 400;\">A) ELIMINAR EL SENAT: No aporta res, el Congr\u00e9s dels Diputats \u00e9s suficient per a desenvolupar les funcions legislatives, de control del Govern i de representaci\u00f3 pol\u00edtica, nom\u00e9s duplica funcions. Nova Zelanda, el Canad\u00e0, Su\u00e8cia, Dinamarca ho han eliminat. Costa 63 milions d&#8217;euros anuals.<\/span><span style=\"font-weight: 400;\"><br \/><\/span><span style=\"font-weight: 400;\">B) ELIMINAR DIPUTACIONS: Justificades perqu\u00e8 elles garanteixen serveis p\u00fablics essencials del seu municipi, \u00e9s mentida, la principal partida de despesa de les diputacions \u00e9s la seva pr\u00f2pia estructura i els sous dels seus diputats i funcionaris, molts d&#8217;ells designats a dit o fruit del nepotisme. Pressupost de 29000 milions d&#8217;euros amb 2400 sous p\u00fablics.<\/span><span style=\"font-weight: 400;\"><br \/><\/span><span style=\"font-weight: 400;\">C) ELIMINAR AFORAMENTS: el no poder jutjar en un mateix delicte en el mateix tribunal, si un dels delinq\u00fcent \u00e9s <\/span><span style=\"font-weight: 400;\">pol\u00edtic<\/span><span style=\"font-weight: 400;\"> aforat i un altre no, \u00e9s anormal i discriminatori.<\/span><span style=\"font-weight: 400;\"><br \/><\/span><span style=\"font-weight: 400;\">D) ELIMINAR COMPET\u00c8NCIES AUTON\u00d2MIQUES: Les autonomies s&#8217;han convertit en microestats, on compet\u00e8ncies com la sanitat, urbanisme, emerg\u00e8ncies, entre altres, han fracassat i cada vegada que una crisi ens ha colpejat, ha causat una quantitat inaudita de morts, inefic\u00e0cia, improvisaci\u00f3, duplicitat i lentitud, a part d&#8217;un balafiament econ\u00f2mic evitable, si hi ha un Estat que funciona. Recordem que les Autonomies costen 88.000 milions.<\/span><\/p><p><span style=\"font-weight: 400;\">XIII. Contribuir democr\u00e0ticament a la formaci\u00f3 de la voluntat pol\u00edtica de la ciutadania, aix\u00ed com promoure la seva participaci\u00f3 en les institucions representatives de car\u00e0cter pol\u00edtic mitjan\u00e7ant la presentaci\u00f3 i suport de candidatures en les corresponents eleccions. A m\u00e9s pot considerar-se el primer partit creat per a secundar, defensar i prevenir a la societat davant d&#8217;unes situacions clim\u00e0tiques extremes, pand\u00e8miques i replantejar l&#8217;urbanisme actual que no est\u00e0 preparat per a aquestes noves crisis; un urbanisme ancorat en par\u00e0metres desfasats , barrejats amb mala praxi pol\u00edtica, que prop\u00edcia innombrables casos de corrupci\u00f3 i destrucci\u00f3 en el nostre territori. Fins i tot en els mesos posteriors a la <\/span><span style=\"font-weight: 400;\">Dana<\/span><span style=\"font-weight: 400;\">, s&#8217;ha aprofitat per a deixar m\u00e9s regna solta a un urbanisme amb l&#8217;excusa que fins ara tot eren barreres al desenvolupament. Les necessitats de la societat a nivell urban\u00edstic, realment descansa a poder tenir un sostre on viure, i no fomentar la construcci\u00f3 i reconstrucci\u00f3 d&#8217;edificis per a inversi\u00f3 i especulaci\u00f3 d&#8217;una minoria econ\u00f2mica (ja en la seva majoria en mans de fons estrangers que buiden ciutats dels seus aut\u00e8ntics habitants). L&#8217;ocupaci\u00f3, moltes vegades en mans de m\u00e0fies, tamb\u00e9 campen al seu gust. Aix\u00f2 ha creat una classe pol\u00edtica i partits, constantment immersos en casos de corrupci\u00f3 que separen cada vegada m\u00e9s a la societat de la democr\u00e0cia i de la seva pr\u00e0ctica mitjan\u00e7ant la pol\u00edtica, posant en clar perill la democr\u00e0cia, creient <\/span><span style=\"font-weight: 400;\">quim\u00e9ricamente<\/span><span style=\"font-weight: 400;\">, que votant a partits radicals, se solucionar\u00e0.<\/span><span style=\"font-weight: 400;\"><br \/><\/span><span style=\"font-weight: 400;\"><br \/><\/span><span style=\"font-weight: 400;\">Per aix\u00f2, no podem quedar-nos contemplant aquest espectacle indecent, que corca la societat i aprofundeix la seva fractura. Per aix\u00f2, no s&#8217;a permetr\u00e0 que fons econ\u00f2mics especulatius, que ja no poden especular en altres pa\u00efsos gr\u00e0cies a una regulaci\u00f3, converteixin les nostres ciutats i pobles, en les seves v\u00edctimes prop\u00edcies.<\/span><span style=\"font-weight: 400;\"><br \/><\/span><span style=\"font-weight: 400;\"><br \/><\/span><span style=\"font-weight: 400;\">XIV. A aix\u00f2 hem d&#8217;afegir situacions clim\u00e0tiques extremes, cada vegada m\u00e9s radicals, que han deixat clar, que superen a tots els responsables pol\u00edtics de tot signe pol\u00edtic. La classe pol\u00edtica ha respost tard i malament, no sols amb la <\/span><span style=\"font-weight: 400;\">dana<\/span><span style=\"font-weight: 400;\"> sin\u00f3 tamb\u00e9 amb la pand\u00e8mia del <\/span><span style=\"font-weight: 400;\">Covid<\/span><span style=\"font-weight: 400;\">, estant mancats de la capacitat d&#8217;assumir responsabilitats, mancades de respostes eficaces i r\u00e0pides, ajuntant-se a m\u00e9s baralles pol\u00edtiques infames, que desacrediten a la democr\u00e0cia. Ens condemnen a veure repetir la mateixos errors, en diferents escenaris de crisis, perqu\u00e8 a m\u00e9s no aborden els problemes m\u00e9s enll\u00e0 del que duren les seves legislatures i vida pol\u00edtica personal. Per aix\u00f2, \u00e9s deure del nostre partit, tornar a crear la confian\u00e7a dels ciutadans en la pol\u00edtica, crear un urbanisme racional i solucions efectives a les crisis de diferent tipus que cada vegada s\u00f3n m\u00e9s recurrents, donant solucions abans que succeeixin els problemes . Reorientar l&#8217;urbanisme emprant-lo per a millorar la vida i la seguretat, i no per a finan\u00e7ar partits, ni enriquir pol\u00edtics, controlant les seves actuacions i focalitzant la construcci\u00f3 en el respecte al patrimoni natural i hist\u00f2ric, en el b\u00e9 com\u00fa i valorant els perills del lloc en situacions clim\u00e0tica extremes.<\/span><\/p><ol><li><span style=\"font-weight: 400;\"> Abordarem, a m\u00e9s d&#8217;aquestes situacions de crisis i desastre clim\u00e0tic\/hum\u00e0, un altre aspecte que no pot separar-se de l&#8217;anterior, i \u00e9s el de les crisis pand\u00e8miques que ens han assotat i assotaran com a \u00e9ssers humans, evitant tornar a caure en una situaci\u00f3 d&#8217;improvisaci\u00f3, caos i par\u00e0lisi social, preparant la societat per a amenaces que ja no s\u00f3n una quimera, sin\u00f3 una realitat que ja ens va colpejar, i que m\u00e9s tard o m\u00e9s d&#8217;hora, ens tornaran a visitar-nos, molt a pesar nostre, posant-nos de nou contra les cordes com a col\u00b7lectiu. D&#8217;aquesta manera, hi haur\u00e0 plans de fabricaci\u00f3 i acc\u00e9s de m\u00e0scares aix\u00ed com d&#8217;altres elements necessaris per a emerg\u00e8ncies, llocs de tractament de pacients i acc\u00e9s al menjar i beguda a ciutadans. Al mateix temps, coordinaci\u00f3 i informaci\u00f3 de qualsevol informaci\u00f3 important per a abordar l&#8217;emerg\u00e8ncia i cerca de solucions.<\/span><\/li><\/ol><p><span style=\"font-weight: 400;\">XVI. Ajudes als agricultors i ramaders en defensa de la seva exist\u00e8ncia i la dels seus descendents, per a no veure&#8217;s eliminats del seu h\u00e0bitat per culpa d&#8217;importacions d&#8217;explotacions en mans d&#8217;oligarques amb els quals \u00e9s impossible competir i mantenir un modus vivendi digne amb est\u00e0ndards europeus.<\/span><span style=\"font-weight: 400;\"><br \/><\/span><span style=\"font-weight: 400;\"><br \/><\/span><span style=\"font-weight: 400;\">XVII. Prohibir l&#8217;eliminaci\u00f3 de camps de cultiu per a la construcci\u00f3 de parcs solars, fent que aquesta energia solar siguin implantades en tots les terrasses de nuclis urbans, de la qual primer es beneficiaran els ve\u00efns que tinguin aquestes plaques. Tamb\u00e9 es fomentar\u00e0 la creaci\u00f3 de sostres verds, \u00e9s a dir, horts de cultius hidrop\u00f2nics eficients a les terrasses d&#8217;edificis p\u00fablics (aix\u00ed com sobre finques que ho demanin), mantinguts per poblaci\u00f3 fins llavors en atur, que treballi en el seu manteniment per a l&#8217;ajuntament local, la collita i els beneficis del qual siguin per als ve\u00efns i fins socials.<\/span><span style=\"font-weight: 400;\"><br \/><\/span><span style=\"font-weight: 400;\"><br \/><\/span><span style=\"font-weight: 400;\">XVIII. A les poblacions de l&#8217;Estat Espanyol que no han estat afectades, per\u00f2 que entenen que el nostre m\u00f3n actual est\u00e0 sent colpejat (i ho ser\u00e0 encara m\u00e9s en temps esdevenidors), per tota una s\u00e8rie de fen\u00f2mens clim\u00e0tics, que posen en perill la pr\u00f2pia exist\u00e8ncia de la Humanitat tal com la coneixem, aix\u00ed com el seu normal esdevenir, oferir-los totes les solucions possibles que s&#8217;adaptin a la localitat, evitant que corrin riscos presents i futurs. Per tot aix\u00f2 en el seu conjunt, s&#8217;analitzaran els riscos, aix\u00ed com la situaci\u00f3 actual de les localitats en tots els seus aspectes, aportant solucions.<\/span><span style=\"font-weight: 400;\"><br \/><\/span><span style=\"font-weight: 400;\"><br \/><\/span><span style=\"font-weight: 400;\">XIX. Que aquesta reconstrucci\u00f3 i preparaci\u00f3 per a futurs riscos, no sigui l&#8217;oportunitat especulativa per part dels qui tenen com a prioritat enriquir-se gr\u00e0cies a vincles pol\u00edtics, per la qual cosa no podran participar en aquest proc\u00e9s, empreses que hagin estat condemnades per la just\u00edcia en algun moment precedent per activitats irregulars que afectat a l&#8217;erari p\u00fablic local, auton\u00f2mic o estatal.<\/span><\/p><ol><li><span style=\"font-weight: 400;\"> Tenint en compte que en el m\u00f3n actual, molts governs en diferents \u00e0mbits i nivells estan desafiant les lleis cient\u00edfiques posant en perill amb ells als seus conciutadans, i no responen a les apressants necessitats i crisis que estem sofrint , recorrerem a una col\u00b7laboraci\u00f3 essencial, aix\u00f2 \u00e9s, al m\u00f3n cient\u00edfic i les seves institucions, per tant, estrenyerem lla\u00e7os de primer ordre amb institucions cient\u00edfiques tant auton\u00f2miques, nacionals com a internacionals, que ofereixin solucions cient\u00edfiques reals i aplicables a tota aquesta problem\u00e0tica en qu\u00e8 ens veiem immersos i estem sofrint, directa i\/o indirectament.<\/span><\/li><\/ol><p><span style=\"font-weight: 400;\">XXI. Buscarem la plena ocupaci\u00f3 en la localitat on puguem exercir govern.<\/span><span style=\"font-weight: 400;\"><br \/><\/span><span style=\"font-weight: 400;\"><br \/><\/span><span style=\"font-weight: 400;\">XXII. Revisarem els salaris aix\u00ed com pujades realitzades en els \u00faltims anys de sous dels pol\u00edtics dels ajuntaments, membres d&#8217;institucions auton\u00f2miques i estatals, i reduirem aquestes despeses, tant reduint el sou com eliminant aquells salaris i c\u00e0rrecs que resultin duplicats i\/o inefica\u00e7os, aix\u00ed com organismes que tinguin funcions puguin ser realitzats per uns altres.<\/span><span style=\"font-weight: 400;\"><br \/><\/span><span style=\"font-weight: 400;\"><br \/><\/span><span style=\"font-weight: 400;\">XXIII. Eliminaci\u00f3 dels aforaments pol\u00edtics, una xacra que crea impunitat i desigualtat de just\u00edcia entre ciutadans.<\/span><span style=\"font-weight: 400;\"><br \/><\/span><span style=\"font-weight: 400;\"><br \/><\/span><span style=\"font-weight: 400;\">XXIV. Que l&#8217;Estat aix\u00ed com bombers d&#8217;altres autonomies (que han de tenir contacte directe i immediat), puguin acudir en ajuda davant de cat\u00e0strofes naturals, sense impediments, coordinats amb l&#8217;autonomia en el lloc. L&#8217;Estat, que \u00e9s qui t\u00e9 la capacitat i mitjans efica\u00e7os, pr\u00e8via informaci\u00f3 i comunicaci\u00f3 del delegat\/a del Govern en l&#8217;autonomia, sense rec\u00f3rrer al 155, podr\u00e0 intervenir en l&#8217;autonomia afectada per una cat\u00e0strofe. L&#8217;Autonomia, acompanyar\u00e0 en la gesti\u00f3. En els desastres, la rapidesa necess\u00e0ria per a salvar vides, com s&#8217;ha demostrat i demostra, les v\u00edctimes, en aquests moments no entenen d&#8217;autonomies, ni de pol\u00edtics, ni de les seves capacitats, incapacitats, capritxos, sensibilitats auton\u00f2miques o ideologies.<\/span><span style=\"font-weight: 400;\"><br \/><\/span><span style=\"font-weight: 400;\"><br \/><\/span><span style=\"font-weight: 400;\">XXV. Ajuda concreta als Joves emprenedors i posada en marxa dels seus projectes.<\/span><span style=\"font-weight: 400;\"><br \/><\/span><span style=\"font-weight: 400;\"><br \/><\/span><span style=\"font-weight: 400;\">XXVI. Construcci\u00f3 d&#8217;habitatges VPO per a lluitar contra els preus desorbitats dels habitatges, per\u00f2 amb un control que tingui en compte els elements que es contemplen en el seg\u00fcent punt.<\/span><span style=\"font-weight: 400;\"><br \/><\/span><span style=\"font-weight: 400;\"><br \/><\/span><span style=\"font-weight: 400;\">XXVII. Que la construcci\u00f3 de nou habitatge, comporti la protecci\u00f3 dels espais naturals que encara conserven elements naturals i l&#8217;horta (que no significa evitar realitzar les infraestructures i estructures per a la protecci\u00f3 de les poblacions, que \u00e9s el m\u00e0xim objectiu) perqu\u00e8 no siguin la presa continuada de la construcci\u00f3 que acaba convertint els ajuntaments, en la secci\u00f3 executora de les constructores, que en tants casos de corrupci\u00f3 han entelat la nostra pol\u00edtica en tots els nivells.<\/span><span style=\"font-weight: 400;\"><br \/><\/span><span style=\"font-weight: 400;\"><br \/><\/span><span style=\"font-weight: 400;\">XXVIII. Que les cases i pisos que es troben sense ser habitats, siguin catalogats i es pugui aconseguir un acord amb els propietaris particulars, per al lloguer o venda, incentivant al propietari per\u00f2 mai obligant a fer-lo.<\/span><span style=\"font-weight: 400;\"><br \/><\/span><span style=\"font-weight: 400;\"><br \/><\/span><span style=\"font-weight: 400;\">XXIX. Aquells bancs que actius o absorbits, haguessin rebut ajuda de l&#8217;estat per al seu rescat i que s\u00f3n grans beneficiats amb diners p\u00fablics, estaran obligats a lloguer\/venda de les propietats en el seu haver i ajuda en prestem a la gent jove per al seu habitatge, en compensaci\u00f3 de l&#8217;esfor\u00e7 realitzat per l&#8217;Estat, que representa a tots els ciutadans.<\/span><span style=\"font-weight: 400;\"><br \/><\/span><span style=\"font-weight: 400;\"><br \/><\/span><span style=\"font-weight: 400;\">XXX. Els espais naturals, que tamb\u00e9 s\u00f3n v\u00edctimes afectades en la situaci\u00f3 clim\u00e0tica <\/span><span style=\"font-weight: 400;\">transtornada<\/span><span style=\"font-weight: 400;\">, aix\u00ed com de la transformaci\u00f3 despietada de l&#8217;\u00e9sser hum\u00e0 en l&#8217;espai i paisatge, rebran una atenci\u00f3 especial i mesures espec\u00edfiques de protecci\u00f3 real davant d&#8217;aquests fen\u00f2mens canviants i que els posen en perill.<\/span><span style=\"font-weight: 400;\"><br \/><\/span><span style=\"font-weight: 400;\"><br \/><\/span><span style=\"font-weight: 400;\">XXXI. Es practicar\u00e0 la democr\u00e0cia directa oferint al poble la possibilitat de pronunciar-se sobre temes que afectin la poblaci\u00f3. La iniciativa tant pot ser de l&#8217;ajuntament com del poble i el refer\u00e8ndum s\u00f3n els instruments clau del sistema democr\u00e0tic-directe. Aix\u00ed el poble tindr\u00e0 una participaci\u00f3 substancial en les decisions pol\u00edtiques en tots els \u00e0mbits. La iniciativa popular ofereix als ciutadans i ciutadanes la possibilitat de presentar les seves propostes, i d&#8217;aquesta manera s&#8217;estimula o reinicia el debat pol\u00edtic sobre un tema espec\u00edfic.<\/span><span style=\"font-weight: 400;\"><br \/><\/span><span style=\"font-weight: 400;\"><br \/><\/span><span style=\"font-weight: 400;\">XXXII. En definitiva, la lluita per la millora de les condicions de vida de les persones, defensant els seus drets, la seva seguretat, les seves vides, el seu present i futur, fomentant la seva participaci\u00f3, donant-los veu i vot en la presa de decisions de les pol\u00edtiques p\u00fabliques a desenvolupar, creant i\/o utilitzant instruments de participaci\u00f3 real a l&#8217;abast de tots . Igualment, crear vies de comunicaci\u00f3 directa i efectiva amb les persones, oferint informaci\u00f3 detallada de tot all\u00f2 a realitzar, aix\u00ed com dels avan\u00e7os i progressos realitzats.<\/span><\/p>\t\t\t\t\t\t\t\t<\/div>\n\t\t\t\t<\/div>\n\t\t\t\t\t<\/div>\n\t\t\t\t<\/div>\n\t\t\t\t<\/div>","protected":false},"excerpt":{"rendered":"<p>Conoce nuestros estatutos ADN \/ Estatuts per a Espanya Ja has vist fa un moment les moltes de les idees que oferim. Evidentment , tots aquests punts seran ampliats amb el temps, conforme el partit vagi coneixent en persona (o amb informacions que ens arribin o ens informeu) el territori nacional, ple de problemes i [&hellip;]<\/p>\n","protected":false},"author":1,"featured_media":0,"parent":0,"menu_order":0,"comment_status":"closed","ping_status":"closed","template":"","meta":{"footnotes":""},"class_list":["post-1118","page","type-page","status-publish","hentry"],"lang":"ca","translations":{"ca":1118,"es":17,"eu":1144,"val":1156,"gl":1178,"an":1195,"atln":1213},"_links":{"self":[{"href":"https:\/\/renacerenaixer.es\/ca\/wp-json\/wp\/v2\/pages\/1118","targetHints":{"allow":["GET"]}}],"collection":[{"href":"https:\/\/renacerenaixer.es\/ca\/wp-json\/wp\/v2\/pages"}],"about":[{"href":"https:\/\/renacerenaixer.es\/ca\/wp-json\/wp\/v2\/types\/page"}],"author":[{"embeddable":true,"href":"https:\/\/renacerenaixer.es\/ca\/wp-json\/wp\/v2\/users\/1"}],"replies":[{"embeddable":true,"href":"https:\/\/renacerenaixer.es\/ca\/wp-json\/wp\/v2\/comments?post=1118"}],"version-history":[{"count":10,"href":"https:\/\/renacerenaixer.es\/ca\/wp-json\/wp\/v2\/pages\/1118\/revisions"}],"predecessor-version":[{"id":1420,"href":"https:\/\/renacerenaixer.es\/ca\/wp-json\/wp\/v2\/pages\/1118\/revisions\/1420"}],"wp:attachment":[{"href":"https:\/\/renacerenaixer.es\/ca\/wp-json\/wp\/v2\/media?parent=1118"}],"curies":[{"name":"wp","href":"https:\/\/api.w.org\/{rel}","templated":true}]}}