{"id":1215,"date":"2025-10-27T17:32:31","date_gmt":"2025-10-27T17:32:31","guid":{"rendered":"https:\/\/renacerenaixer.es\/?page_id=1215"},"modified":"2025-10-27T17:33:18","modified_gmt":"2025-10-27T17:33:18","slug":"adn-estatutu-zona-dana","status":"publish","type":"page","link":"https:\/\/renacerenaixer.es\/atln\/adn-estatutu-zona-dana\/","title":{"rendered":"ADN \/ Estatutu Zona Dana"},"content":{"rendered":"<div data-elementor-type=\"wp-page\" data-elementor-id=\"1215\" class=\"elementor elementor-1215\" data-elementor-post-type=\"page\">\n\t\t\t\t<div class=\"elementor-element elementor-element-7edd5f7d e-flex e-con-boxed e-con e-parent\" data-id=\"7edd5f7d\" data-element_type=\"container\" data-e-type=\"container\" data-settings=\"{&quot;background_background&quot;:&quot;classic&quot;}\">\n\t\t\t\t\t<div class=\"e-con-inner\">\n\t\t\t\t<div class=\"elementor-element elementor-element-68c74229 elementor-widget elementor-widget-heading\" data-id=\"68c74229\" data-element_type=\"widget\" data-e-type=\"widget\" data-widget_type=\"heading.default\">\n\t\t\t\t<div class=\"elementor-widget-container\">\n\t\t\t\t\t<h2 class=\"elementor-heading-title elementor-size-default\">Conoce nuestros estatutos<\/h2>\t\t\t\t<\/div>\n\t\t\t\t<\/div>\n\t\t\t\t\t<\/div>\n\t\t\t\t<\/div>\n\t\t<div class=\"elementor-element elementor-element-94e0f96 e-flex e-con-boxed e-con e-child\" data-id=\"94e0f96\" data-element_type=\"container\" data-e-type=\"container\">\n\t\t\t\t\t<div class=\"e-con-inner\">\n\t\t\t\t<div class=\"elementor-element elementor-element-02a83ad elementor-widget elementor-widget-heading\" data-id=\"02a83ad\" data-element_type=\"widget\" data-e-type=\"widget\" data-widget_type=\"heading.default\">\n\t\t\t\t<div class=\"elementor-widget-container\">\n\t\t\t\t\t<h2 class=\"elementor-heading-title elementor-size-default\">ADN \/ Estatutos Zona Dana<\/h2>\t\t\t\t<\/div>\n\t\t\t\t<\/div>\n\t\t\t\t<div class=\"elementor-element elementor-element-f99f4ad elementor-widget__width-initial elementor-widget elementor-widget-text-editor\" data-id=\"f99f4ad\" data-element_type=\"widget\" data-e-type=\"widget\" data-widget_type=\"text-editor.default\">\n\t\t\t\t<div class=\"elementor-widget-container\">\n\t\t\t\t\t\t\t\t\t<p>Mientres el part\u00edu va estendi\u00e9ndose per otres partes d&#8217;Espa\u00f1a, y como empezamos dende cero, am\u00e1s de les propuestes irrenunciables ufiertaes acabaes de nomar, conforme vaigamos visitando m\u00e1s pueblos afectaos por esta y otres danes (o que pueden ser por otros ribayu,etc), vamos dir a\u00f1ediendo, porque vamos recoyer toles moliciones y propuestes all\u00e1 onde vaigamos o se nos unvien, onde la segurid\u00e1, lleer bien el territoriu y les sos caracter\u00edstiques y xuna la inxenier\u00eda de m\u00e1ximu nivel, s\u00edan les pautes, non l&#8217;electoralismu y la propaganda:<br \/>A) Ufiertar a les poblaciones afectaes pola cat\u00e1strofe d&#8217;a Dana del 29 d&#8217;Ochobre del 2024, soluciones efectives que dexen garantizar la so segurid\u00e1 f\u00edsica, xur\u00eddica, social y econ\u00f3mica, seg\u00fan a otres zones espa\u00f1oles afectaes por fen\u00f3menos rellacionaos col mediu ambiente como hinchentes, quemes forestales, volcanes, foles de calor, seques intenses, etc.<br \/>A1) Realizaci\u00f3n d&#8217;un concursu internacional que dea una soluci\u00f3n definitiva al peligrosu ribayu del Poio (o de Chiva o de Massanassa) que se cobr\u00f3 tantes v\u00edctimes, que va durar nueves meses, y en tr\u00e9s meses, escoyer al proyectu ganador pa la so inmediata execuci\u00f3n, amenorgando la burocracia paralizante al m\u00e1ximu pola estrema urxencia d&#8217;esta tema y d\u00e9cades perd\u00edes.<\/p><p>El proyectu ganador, va collaborar cola Universid\u00e1 polit\u00e9cnica de Valencia.<\/p><p>A2) Los ribayos secundarios al Poio y ramblas qu&#8217;entren en poblaciones van tener un tratamientu especial o les cercanes al rio Xuquer (Jucar). Munchos tienen tramos tapaos por asfaltu o convert\u00edos n&#8217;en tuber\u00edes de distinta grosez . Por ello, va escavase&#8217;l so caudal internu orixinal facilitando&#8217;l desaguadoriu al ribayu principal o a l\u2019Albufera o rio. Coles mesmes, si son cais n&#8217;usu, tapando la rambla anterior, tapar con elementos que dexen circular percima, pero dexando&#8217;l m\u00e1ximu espaciu interior (como na Rambleta de Catarroja), desaguando en l\u2019Albufera.<\/p><p>B) Vamos Buscar ayudar a les v\u00edctimes y a la xusticia na investigaci\u00f3n de responsabilidaes pol\u00edtiques y profesionales ufiertando tolos datos disponibles nos organismos responsables, seg\u00fan consiguir que les persones responsables y que nun tuvieron afechiscamente al altor de les circunstancies, dexen el so cargu y que nun tengan al so cargu&#8217;l poder de decisi\u00f3n sobro elementos que puedan afectar a la vida de los ciudadanos. Si la xusticia nun acaba d&#8217;establecer responsabilidaes nin sentencies a munchos de los responsables, el nun poder gociar d&#8217;un cargu pol\u00edticu y\/o t\u00e9cnicu, va ser xuna respuesta que los ciudadanos pueden otorganos colos sos votos.<\/p><p>C) Amenorgamientu d&#8217;impuestos a nivel d&#8217;entidaes locales (afectaes pola DANA y otres cat\u00e1strofes) ( y que s\u00edan de xesti\u00f3n local) como son el IBI, IAE impuestu d&#8217;actividaes econ\u00f3miques pa dar un emburri\u00f3n a les empreses, IVTM (impuestu sobro veh\u00edculos de tracci\u00f3n mec\u00e1nica) visto que&#8217;l parque m\u00f3vil de veh\u00edculos afectaos foi enorme.<\/p><p>D) Sofitu a Entamadores, Aut\u00f3nomos\/\/Pymes, incentivando fiscalmente y amenorgando les torgues burocr\u00e1tiques pa la creaci\u00f3n d&#8217;empreses nes zones afectaes pola DANA y a les y\u00e1 esistentes y afectaes, que s\u00edan acompa\u00f1aes y ayudaes nel tiempu m\u00e1s all\u00e1 d&#8217;una ayuda econ\u00f3mica puntual, dexando que pueda caltenese nel tiempu&#8217;l so negociu.<\/p><p>E) Tami\u00e9n como fin , b\u00fascase llimpiar definitivamente&#8217;l llagu de l\u2019Albufera y les canales y ribayos que n\u00e9l desag\u00fcen, de too la folla, ca\u00f1averales invasivos, y borrafes humanes, atropaos mientres d\u00e9cades (am\u00e1s de la postrera y definitiva aportaci\u00f3n negativa de sedimentos y borrafes de too tipu cola Dana), con m\u00e9todos modernos y eficaces de demostrada solvencia n&#8217;otros pa\u00edses (non los actuales aplicaos dende va d\u00e9cades, obsoletos, caros ya ineficaces a base de cuyaraes de m\u00e1quines)\u2026 D&#8217;esta miente va buscase el suelu de fango orixinal, natural y sanu, del llagu y la so redolada, onde am\u00e1s s&#8217;atopen los \u201cullals\u201d (manantiales). Y en esi aspeutu, l&#8217;aportaci\u00f3n d&#8217;agua, tantu del sosuelu como de depuraci\u00f3n, va ser priorid\u00e1 pa devolver la calid\u00e1 necesaria al espaciu natural.<\/p><p>Coles mesmes va apurrise l&#8217;agua duce afecha pal caltenimientu sanu del llagu.<\/p><p>F) Nesos llabores de retiru de folles y borrafes, en ribayos y l\u2019Albufera, se focalizar\u00e1 tami\u00e9n la busca de los restos humanos ent\u00e1 por apaecer, de les persones ent\u00e1 non atopaes, por cuenta de la barrancada qu&#8217;abasn\u00f3 los cuerpos de les persones inocentes sum\u00edes.<\/p><p>G) Construcci\u00f3n de \u201cisles salvavides\u201d ye dicir elevaes, con dise\u00f1u s\u00f3lidu y seguro, y de demostrada resistencia (met\u00e1liques y de formig\u00f3n), en parques y zones onde puedan llevantase, que dexen a el peatones xubir ensin peligru a altores qu&#8217;en situaciones d&#8217;emerxencia como xub\u00edes repentines d&#8217;agua d\u00e9xe-yos f\u00e1cilmente xubise y ponese a salvo, ensin tener que desesperadamente, xubise a coches, \u00e1rboles o valles, que na mayor\u00eda de casos fueron trampes mortales.<\/p><p>H) Construcci\u00f3n de garaxes p\u00fablicos n&#8217;altor y xixilaos, pa la poblaci\u00f3n con m\u00ednimu costu pal ciudadanu.<\/p><p>I) Desmontaje d&#8217;estructures y pontes antig\u00fces que sirvieren como tap\u00f3n pal pasu de l&#8217;agua y ayud\u00e1u a la llena (y si tienen valor hist\u00f3ricu, volver montar n&#8217;otru llugar).<\/p><p>J) Construcci\u00f3n del llixu o cantos de ribayu col doble d&#8217;altor a la m\u00e1xima cota d&#8217;hinchente alcanz\u00e1u nel hinchente del 2024, y que sobro esi cantu cimeru, si pu\u00e9dese, crear una v\u00eda onde pueda circulase con bicicleta o pasiar, en llugar de ser la mayor\u00eda del tiempu, xuna especie de muriu ensin usu, siendo acompa\u00f1\u00e1u de vexetaci\u00f3n llateral si pu\u00e9dese.<\/p><p>K) Esti llixu o cantu del ribayu, que ye xuna barrera, tien puntos d\u00e9biles, que son les partes que ta abierta por cuenta de la esistencia d&#8217;una ponte y que comuniquen dambes veres. Cada cabeza de ponte va tener un sem\u00e1foru, y cuando se reciba xuna alerta dende la parte alta del ribayu, un sem\u00e1foru va indicar xuntu con altavoces y lluces que l&#8217;accesu a la ponte va cerrase. Unos portalones corredizos met\u00e1licos, especialmente creaos a tal fin, tienen de poder ser remanaos manualmente como mec\u00e1nicamente dende un centru de control , realizando&#8217;l llabor de la morta o cantu artificial del ribayu, dexando que non ente l&#8217;agua sin\u00f3n que siga&#8217;l so cursu ensin enchise por esos buecos (accesos a pontes , como pueden ser el de Catarroja-Massanassa, ente otros).<\/p><p>L) Allugamientu d&#8217;altavoces en toles partes de los pueblos que se pueda dende onde sollertar a la poblaci\u00f3n.<\/p><p>M) Allugamientu de c\u00e1mares nos cursos de ribayos que puedan va ser accesibles por cualesquier ciudadanos en tiempu real.<\/p><p>N) Convertir el CHJ n&#8217;una instituci\u00f3n de xenerar soluciones, non chambonaes nin problemes y anovar a tolos responsables del 2024.<\/p><p>O) Les decisiones d&#8217;emerxencies van ser tomaes por t\u00e9cnicos, nun \u00fanicu centru de decisi\u00f3n, non pol\u00edticos. Tomada la decisi\u00f3n, va informar al Deleg\u00e1u\/a de Gobiernu que de la mesma informa al Gobiernu Central , que va unviar al ex\u00e9rcitu y\u00e1 en nivel 2 d&#8217;emerxencia. L&#8217;Autonom\u00eda, va collaborar col Gobiernu Central. Los conceyos van ser coordinaos por estancies cimeres, aplicando mientres los sos propios planes d&#8217;emerxencia.<\/p><p>P) Alzar les v\u00edes de comunicaci\u00f3n all\u00e1 onde se demuestre que foi somorguiada o pueda selo, como por casu, la llamada \u201cPista de Siella\u201d, que sirve como barrera para drenaxe d&#8217;ag\u00fces y provoca l&#8217;efectu barrera y rebote inversu de l&#8217;agua nel so cam\u00edn escontra la enllanada del llagu de l\u2019Albufera. Am\u00e1s, esa v\u00eda de comunicaci\u00f3n ye una trampa mortal para los veh\u00edculos circulantes, pola so nula altor, en casu d&#8217;aven\u00edes d&#8217;ag\u00fces, como se demostr\u00f3.<\/p><p>Q) Consulta y asesoramientu con otros espertos d&#8217;otros pa\u00edses onde hai esperiencia nesti tipu d&#8217;accidentes y collaboraci\u00f3n si s&#8217;entendiera oportunu, como por casu colos Pa\u00edses Baxos, onde la construcci\u00f3n de diques controlaos protectores, lleven sieglos de perfeccionamiento, y que nestos momentos ye una urxencia prioritaria nes poblaciones aleda\u00f1as a r\u00edos, ramblas y ribayos mediterr\u00e1neos.<\/p><p>Una esixencia va ser la construcci\u00f3n d&#8217;una maqueta a escala lo m\u00e1s realista posible de les poblaciones, ribayos y r\u00edos qu&#8217;afecten a les zones cut\u00edes, colos sos altores d&#8217;agua alcanz\u00e1u en 2024 y realizaci\u00f3n de pruebes de corrientes y caudales, para lleer y entender lo m\u00e1s barganal de la realid\u00e1, el c\u00f3mo va reaccionar l&#8217;agua y folla, valorando si ye precisu esaniciar meandros, ampliar caudal, o cualesquier otru aspeutu a tomar en cuenta.<\/p><p>R) La construcci\u00f3n de preses de contenci\u00f3n, zones de laminaci\u00f3n onde se pudiera y regulaci\u00f3n enag\u00fces enriba , para evitar les aven\u00edes destructives d&#8217;alta velocid\u00e1 y volume, y onde s\u00eda necesariu, revisi\u00f3n, y reconstrucci\u00f3n de les esistentes, como la de Forata, qu&#8217;amos\u00f3 s\u00edntomes de peligru estructural para la segurid\u00e1 de tola poblaci\u00f3n enag\u00fces embaxo.<\/p><p>S) Tami\u00e9n busca de la forma t\u00e9cnica por que les v\u00edes de tren nun s\u00edan una barrera para&#8217;l cursu d&#8217;agua en casu d&#8217;avenida, para&#8217;l pasu de l&#8217;agua na so busca de la enllanada de l\u2019Albufera.<\/p><p>T) A nivel d&#8217;investigaci\u00f3n y siguiendo pautes demogr\u00e1fiques, buscando una ayuda pormenorizada, real y eficaz, vamos arrexuntar la poblaci\u00f3n en tr\u00e9s grupos:<\/p><p>T.1) Primer Grupu (ne\u00f1os y mozos). va analizase la situaci\u00f3n actual educativa, los da\u00f1os causaos pol COVID y la DANA nel so procesu educativu, y va buscase iguar esos da\u00f1os sufiertos nel so procesu educacional, aplicando con expertos les mid\u00edes necesaries.<\/p><p>T.2) Segundu Grupu (adultos): Les persones que perdieron los sos negocios, que nun pudieron reabrilos, y\/o que s&#8217;empe\u00f1aron para reabrilos, van recibir tola ayuda necesaria para la so vuelta a la normalid\u00e1 profesional y llaboral , teniendo especial curi\u00e1u naquellos como fornos, carnicer\u00edes y otres qu&#8217;ayuden a la poblaci\u00f3n a poder alimentase, ensin por ellos, dexar tras a los dem\u00e1s.<\/p><p>All\u00e1 onde nun hubo la cat\u00e1strofe de la Dana , van buscase toles mid\u00edes de sofitu a los aut\u00f3nomos y paraos, para ameyorar la so situaci\u00f3n , y va crease nel casu de los paraos, una bolsa llaboral real y efectiva. Tami\u00e9n se van fomentar les actividaes llaborales nes xeres de reconstrucci\u00f3n.<\/p><p>T.3) Tercer grupu (persones mayores y persones con dependencia): Les persones mayores, que supunxeron la met\u00e1 de los finaos pola Dana , va ser un colectivu tami\u00e9n d&#8217;especial tratamientu, ayudar en toos aquellos aspeutos que los faen vulnerables , aplicando mid\u00edes de siguimientu na so vida cotidiana, para facilitar en tolo posible la so vida (compres, soled\u00e1, asistencia m\u00e9dica, movilid\u00e1, echar la basura, etc). Para ello, el grupu de persones en desempl\u00e9u, mientres atopen un trabayu m\u00e1s acorde coles sos mires, va poder realizar xeres d&#8217;acompa\u00f1amientu y ayuda a esti colectivu.<\/p><p>O) La G\u00fcerta, hasta g\u00fcei emplegada como un arma refundiza ente pol\u00edticos especuladores y colectivos ecoloxistes, foi convertida nun problema. Esto ye inconcebible. La G\u00fcerta ye elementu estrat\u00e9xicu de la socied\u00e1, non solo como elementu absorvedor d&#8217;agua, que se va penerar na tierra, sin\u00f3n tami\u00e9n como elementu que frena la corriente violenta de l&#8217;agua, y am\u00e1s, como fonte d&#8217;alimentos en momentos de crisis onde tou se paraliza. Mientres los pol\u00edticos solo ven suelu urbanizable, la G\u00fcerta va protexese \u201cde verd\u00e1\u201d, porque ye imprescindible na nuesa defensa. Am\u00e1s ayuda a la poblaci\u00f3n que vive d&#8217;ella y ufierta trabayu y contactu col mediu natural. Se recuper\u00e1n motores y acequias, y va facilitase la vienta de los sos productos mientres nun haya crisis, n&#8217;instituciones p\u00fabliques, y va educase a la poblaci\u00f3n nel valor de supervivencia estrat\u00e9xica que tuvo la g\u00fcerta dende siempres, como lo foi na Guerra Civil. Y\u00e1 ta bien de la G\u00fcerta presentada como un elementu morrebundu qu&#8217;hai que protexer porque s\u00ed y evita faer obres hidr\u00e1uliques necesaries pa la nuesa segurid\u00e1 (como se fixo por un sector pol\u00edticu) o un terr\u00e9n urbanizable pa unos cuantos pol\u00edticos que se convirtieron en representantes de especuladores y urbanizadoras (d&#8217;otru sector pol\u00edticu). Anque a la fin de la especulaci\u00f3n urban\u00edstica nun s&#8217;escapa neng\u00fan part\u00edu.<\/p><p>V) Creaci\u00f3n de puntos de reserva de comida y productos de primera necesid\u00e1 en cada conceyu de zones inundables, onde am\u00e1s tenga d&#8217;haber segurid\u00e1 pasiva permanente, pa evitar asaltos. Esos productos, tendr\u00e1n de ser apurr\u00edos onde se decida antes de la so caducid\u00e1 y ser repuestos. L&#8217;ex\u00e9rcitu, tendr\u00e1 de conocer el so localizaci\u00f3n, seg\u00fan tomar el control nos primeros momentos. Tami\u00e9n controlar los supermercaos nos primeros momentos pa evitar saqueos y partir los sos recursos de manera ordenada a la poblaci\u00f3n, evitando les escenes y situaciones d&#8217;insegurid\u00e1 y\u00e1 viv\u00edes.<\/p><p>W) La educaci\u00f3n y orientaci\u00f3n de la poblaci\u00f3n con diversos planes al respeutu pa poder responder en situaciones de peligru, ten de ser tami\u00e9n un elementu crucial.<\/p><p>X) Como elementu de vanguardia en tresporte, nuna zona onde&#8217;l tren y el metro queden fora de xuegu dende&#8217;l primer momentu, siendo barreres arquitect\u00f3niques les sos v\u00edes y dexando a la poblaci\u00f3n ensin comunicaci\u00f3n mientres meses, va invertir na construcci\u00f3n de monorrieles. Al contrariu de los ferrocarriles tradicionales riquen un espaciu m\u00ednimu, tantu horizontal como verticalmente. Los veh\u00edculos monorrieles son m\u00e1s anchos que les v\u00edes y al tar elevaos aseguren si supervivencia en cat\u00e1strofes como les danes, riquiendo solo xuna pequena superficie pa sofitar les pilastres.<\/p>\t\t\t\t\t\t\t\t<\/div>\n\t\t\t\t<\/div>\n\t\t\t\t\t<\/div>\n\t\t\t\t<\/div>\n\t\t\t\t<\/div>","protected":false},"excerpt":{"rendered":"<p>Conoce nuestros estatutos ADN \/ Estatutos Zona Dana Mientres el part\u00edu va estendi\u00e9ndose per otres partes d&#8217;Espa\u00f1a, y como empezamos dende cero, am\u00e1s de les propuestes irrenunciables ufiertaes acabaes de nomar, conforme vaigamos visitando m\u00e1s pueblos afectaos por esta y otres danes (o que pueden ser por otros ribayu,etc), vamos dir a\u00f1ediendo, porque vamos recoyer [&hellip;]<\/p>\n","protected":false},"author":1,"featured_media":0,"parent":0,"menu_order":0,"comment_status":"closed","ping_status":"closed","template":"","meta":{"footnotes":""},"class_list":["post-1215","page","type-page","status-publish","hentry"],"lang":"atln","translations":{"atln":1215,"ca":1110,"es":358,"eu":1149,"val":1158,"an":1200},"_links":{"self":[{"href":"https:\/\/renacerenaixer.es\/atln\/wp-json\/wp\/v2\/pages\/1215","targetHints":{"allow":["GET"]}}],"collection":[{"href":"https:\/\/renacerenaixer.es\/atln\/wp-json\/wp\/v2\/pages"}],"about":[{"href":"https:\/\/renacerenaixer.es\/atln\/wp-json\/wp\/v2\/types\/page"}],"author":[{"embeddable":true,"href":"https:\/\/renacerenaixer.es\/atln\/wp-json\/wp\/v2\/users\/1"}],"replies":[{"embeddable":true,"href":"https:\/\/renacerenaixer.es\/atln\/wp-json\/wp\/v2\/comments?post=1215"}],"version-history":[{"count":4,"href":"https:\/\/renacerenaixer.es\/atln\/wp-json\/wp\/v2\/pages\/1215\/revisions"}],"predecessor-version":[{"id":1219,"href":"https:\/\/renacerenaixer.es\/atln\/wp-json\/wp\/v2\/pages\/1215\/revisions\/1219"}],"wp:attachment":[{"href":"https:\/\/renacerenaixer.es\/atln\/wp-json\/wp\/v2\/media?parent=1215"}],"curies":[{"name":"wp","href":"https:\/\/api.w.org\/{rel}","templated":true}]}}