{"id":1200,"date":"2025-10-27T17:27:05","date_gmt":"2025-10-27T17:27:05","guid":{"rendered":"https:\/\/renacerenaixer.es\/?page_id=1200"},"modified":"2025-10-27T17:27:37","modified_gmt":"2025-10-27T17:27:37","slug":"adn-estatuts-zona-dana","status":"publish","type":"page","link":"https:\/\/renacerenaixer.es\/an\/adn-estatuts-zona-dana\/","title":{"rendered":"ADN \/ Estatuts Z\u00f2na Dana"},"content":{"rendered":"<div data-elementor-type=\"wp-page\" data-elementor-id=\"1200\" class=\"elementor elementor-1200\" data-elementor-post-type=\"page\">\n\t\t\t\t<div class=\"elementor-element elementor-element-7edd5f7d e-flex e-con-boxed e-con e-parent\" data-id=\"7edd5f7d\" data-element_type=\"container\" data-e-type=\"container\" data-settings=\"{&quot;background_background&quot;:&quot;classic&quot;}\">\n\t\t\t\t\t<div class=\"e-con-inner\">\n\t\t\t\t<div class=\"elementor-element elementor-element-68c74229 elementor-widget elementor-widget-heading\" data-id=\"68c74229\" data-element_type=\"widget\" data-e-type=\"widget\" data-widget_type=\"heading.default\">\n\t\t\t\t<div class=\"elementor-widget-container\">\n\t\t\t\t\t<h2 class=\"elementor-heading-title elementor-size-default\">Conoce nuestros estatutos<\/h2>\t\t\t\t<\/div>\n\t\t\t\t<\/div>\n\t\t\t\t\t<\/div>\n\t\t\t\t<\/div>\n\t\t<div class=\"elementor-element elementor-element-94e0f96 e-flex e-con-boxed e-con e-child\" data-id=\"94e0f96\" data-element_type=\"container\" data-e-type=\"container\">\n\t\t\t\t\t<div class=\"e-con-inner\">\n\t\t\t\t<div class=\"elementor-element elementor-element-02a83ad elementor-widget elementor-widget-heading\" data-id=\"02a83ad\" data-element_type=\"widget\" data-e-type=\"widget\" data-widget_type=\"heading.default\">\n\t\t\t\t<div class=\"elementor-widget-container\">\n\t\t\t\t\t<h2 class=\"elementor-heading-title elementor-size-default\">ADN \/ Estatuts Z\u00f2na Dana<\/h2>\t\t\t\t<\/div>\n\t\t\t\t<\/div>\n\t\t\t\t<div class=\"elementor-element elementor-element-f99f4ad elementor-widget__width-initial elementor-widget elementor-widget-text-editor\" data-id=\"f99f4ad\" data-element_type=\"widget\" data-e-type=\"widget\" data-widget_type=\"text-editor.default\">\n\t\t\t\t<div class=\"elementor-widget-container\">\n\t\t\t\t\t\t\t\t\t<p>Mentre eth partit s&#8217;esten per d&#8217;autes parts d&#8217;Espanha, e coma comen\u00e7am des de z\u00e8ro, ath del\u00e0 des f\u00e8rmi acabaments de nomentar, contemplam un anexo de fins concr\u00e8tes immediates en territ\u00f2ri valencian afectat, irrenunciables, ena z\u00f2na afectada dera dana de 2024, que poder\u00e0n \u00e8ster ampliadi e adaptadi en d&#8217;autes z\u00f2nes pas afectades e son:<\/p><p>A) Aufrir as poblacions afectades pera catastr\u00f2fa d&#8217;a Dana deth 29 d&#8217;Octobre deth 2024, solucions efectives que permeten garantir era sua seguretat fisica, juridica, sociau e economica, atau coma en d&#8217;autes z\u00f2nes espanh\u00f2les afectades per fenom\u00e8ns restacadi damb eth miei ambient coma inundaciones, incendis forestaus, volcanes, ondes de calor, sequ\u00e8res intenses, eca.<\/p><p>B) Cercaram ajudar as victimes e ara just\u00edcia ena investigacion de responsabilitats politiques e professionaus en tot aufrir totes es donades disponibles enes organismes responsables, atau coma art\u00e9nher qu&#8217;es persones responsables e que pas sigueren adequadaments ara nautor des circonst\u00e0ncies, deishatz eth s\u00f2n cargue e que pas agen ath s\u00f2n cargue eth poder de decision sus elements que poguen afectar ara vida des ciutadans. S&#8217;era just\u00edcia pas acabe d&#8217;establir responsabilitats ne sent\u00e9ncies a f\u00f2r\u00e7a des responsables, eth pas poder gaudir d&#8217;un cargue politic e\/o tecnician, ser\u00e0 ua responsa qu&#8217;es ciutadans p\u00f2den autrejar-mos damb es s\u00f2ns v\u00f2ts.<\/p><p>C) Reduccion d&#8217;imp\u00f2sti a niv\u00e8u d&#8217;entitats locaus (afectades pera DANA e d&#8217;autes catastr\u00f2fes) ( e que siguen de gestion locau) coma son eth IBI, IAE imp\u00f2st d&#8217;activitats economiques ent\u00e0 dar un empuj\u00f3n as enterpreses, IVTM (imp\u00f2st sus ve\u00efculs de tracci\u00f3n mecanica) vist qu&#8217;eth parc mobil de ve\u00efculs afectadi a estat en\u00f2rme.<\/p><p>D) Sup\u00f2rt a Emprendedores, Auton\u00f2ms\/\/Pymes, incentivando fiscalmente e en tot redusir es trebucs burocratics entara creacion d&#8217;enterpreses enes z\u00f2nes afectades pera DANA e as ja existentes e afectades, que siguen acompanhades e ajudades en temps m\u00e8s del\u00e0 d&#8217;ua ajuda economica puntuau, en tot perm\u00e9ter que pogue mantier-se en temps eth s\u00f2n neg\u00f2ci.<\/p><p>E) Tanben coma fin , se cerque netejar definitiuaments eth lac de l\u2019Albufera e es canaus e barrancs qu&#8217;en eth desboquen, de tot eth lim, ca\u00f1averales invasivos, e residus umans, acumuladi pendent dec\u00e8nnis (ath del\u00e0 dera darr\u00e8ra e definitiva aportacion negatiua de sedimentos e residus de tot tipe damb era Dana), damb met\u00f2des mod\u00e8rnes e eficaci de demostrada solvabilitat en d&#8217;auti pa\u00efsi (pas es actuaus aplicadi des de h\u00e8 dec\u00e8nnis, obsolets, caros e ineficaces a basa de cucharadas de maquines)\u2026 D&#8217;aguesta man\u00e8ra se cercar\u00e0 eth sol\u00e8r de fango originau, naturau e sani, deth lac e eth s\u00f2n entorn, a on ath del\u00e0 se tr\u00f2ben es \u201cullals\u201d (gotilhs). E en aguest asp\u00e8cte, era aportacion d&#8217;aigua, tant deth subs\u00f2u coma de depuracion, ser\u00e0 prioritat ent\u00e0 retornar era qualitat de besonh ar espaci naturau.<\/p><p>Ath madeish temps s&#8217;aportar\u00e0 era aigua do\u00e7a avienta entara mantenen\u00e7a sani deth lac.<\/p><p>F) En aguestes labores de retiri de lims e residus, en barrancs e l\u2019Albufera, se focalizar\u00e1 tanben era rec\u00e8rca des r\u00e8stes umans encara per apar\u00e9isher, des persones encara pas trobades, a causa dera barrancada que rosigu\u00e8c es c\u00f2ssi des persones innocentes desapareishudes.<\/p><p>G) Bastiment de \u201cisles salvavidas\u201d ei d\u00edder anautites, damb dessenh solid e segur, e de demostrada resist\u00e9ncia (metalliques e de hormigon), en parcs e z\u00f2nes a on se poguen lheuar, que permeten as pedons pujar sense perilh a nautors qu&#8217;en situacions d&#8217;emerg\u00e9ncia coma pujades subtes d&#8217;aigua les permete facilaments pujar-se e poner-se a sauvi, sense auer de desesperadamente, pujar-se a coches, arbes o and\u00e0si, qu&#8217;ena majoria de casi an estat trapad\u00e8res mortaus.<\/p><p>H) Bastiment de garatges publics en nautor e susvelhadi, entara poblacion damb minim c\u00f2st entath ciutadan.<\/p><p>I) Desmontaje d&#8217;estructures e p\u00f2nts ancians qu&#8217;agen servit coma tap\u00f3n entath pas dera aigua e ajudat ath desbordamiento (e s&#8217;an valor istorica, tornar a montar en d&#8217;aute l\u00f2c).<\/p><p>J) Bastiment dera mota o aur\u00e8res de barranc damb eth doble de nautor ara maximala c\u00f2ta de inundaci\u00f3n artenhuda ena inundaci\u00f3n deth 2024, e que sus aguesta aur\u00e8ra superiora, se se p\u00f2t, crear ua via a on se pogue circular damb bicicl\u00e8ta o passejar, en l\u00f2c d&#8217;\u00e8ster era majoritat deth temps, ua esp\u00e8cia de mur sense emplec, en tot \u00e8ster acompanhat de vegetacion laterau se se p\u00f2t.<\/p><p>K) Aguesta mota o aur\u00e8ra deth barranc, qu&#8217;ei ua barr\u00e8ra, a punts f\u00e8bles, que son es parts qu&#8217;ei daurida a causa dera exist\u00e9ncia d&#8217;un p\u00f2nt e que comuniquen ambd\u00fas arribatges. Cada cap de p\u00f2nt aur\u00e0 un semaf\u00f2r, e quan s&#8217;arreceber\u00e0 \u00f2m al\u00e8rte des dera part nauta deth barranc, un semaf\u00f2r indicar\u00e0 amassa damb altavoces e lums qu&#8217;er acc\u00e8s ath p\u00f2nt se va a barrar. Uns portalones corredizos metallics, especiuaments creadi a tau fin, an de poder \u00e8ster accionados manualmente coma mec\u00e1nicamente des d&#8217;un centre de contrar\u00f2tle , en tot realizar era labor dera morta o aur\u00e8ra artificiau deth barranc, en tot perm\u00e9ter que pas entre era aigua m\u00e8s que seguisque eth s\u00f2n cors sense desbordarse per aguesti uets (acc\u00e8ssi a p\u00f2nts , coma p\u00f2den \u00e8ster eth de Catarroja-Massanassa, entre d&#8217;auti).<\/p><p>L) Collocacion de altavoces en totes es parts des p\u00f2bles que se pogue des d&#8217;a on alertar ara poblacion.<\/p><p>M) Collocacion de cam\u00e8ras enes corsi de barrancs que poguen ser\u00e0 accessibles per quini ciutadans que sigue en temps reau.<\/p><p>N) Convertir eth CHJ en ua institucion de generar solucions, pas chapuzas ne probl\u00e8mes e renauir a toti es responsables deth 2024.<\/p><p>O) Es decisions d&#8217;emerg\u00e9ncies ser\u00e0n prenudes per tecnicians, en un unic centre de decision, pas politics. Prenuda era decision, s&#8217;informar\u00e0 ath Delegat\/a de Gov\u00e8rn qu&#8217;a eth s\u00f2n c\u00f2p informe en Gov\u00e8rn Centrau , qu&#8217;enviar\u00e0 ara armada ja en niv\u00e8u 2 d&#8217;emerg\u00e9ncia. Era Autonomia, collaborar\u00e0 damb eth Gov\u00e8rn Centrau. Es municipis ser\u00e0n coordinadi per sojorns superiors, en tot aplicar mentre es s\u00f2ns pr\u00f2pris plans d&#8217;emerg\u00e9ncia.<\/p><p>P) Elevar es vies de comunicacion del\u00e0 a on se dem\u00f2stre qu&#8217;a estat immergida o pogue \u00e8ster-ac, coma per exemple, era cridada \u201cPista de Cagira\u201d, que serv\u00eds coma barr\u00e8ra ent\u00e0 drenaje d&#8217;aig\u00fces e prov\u00f2que er ef\u00e8cte barr\u00e8ra e retruc inverso dera aigua en s\u00f2n camin cap ara plana deth lac de l\u2019Albufera. Ath del\u00e0, aguesta via de comunicacion ei ua trapad\u00e8ra mortau ent\u00e0s ve\u00efculs circulantes, pera sua nulla nautor, en cas d&#8217;avengudes d&#8217;aig\u00fces, coma s&#8217;a demostrat.<\/p><p>Q) Consulta e assessorament damb d&#8217;auti exp\u00e8rts d&#8217;auti pa\u00efsi a on i a experi\u00e9ncia en aguest tipe de sinistres e collaboracion se se comprenesse oportun, coma per exemple damb es Pa\u00efsi Baishi, a on eth bastiment de diques contarotladi protectori, amien s\u00e8gles de perfeccionament, e qu&#8217;en aguesti moments ei ua urg\u00e9ncia priorit\u00e0ria enes poblacions aleda\u00f1as a arrius, rambles e barrancs mediterran\u00e8us.<\/p><p>Ua exig\u00e9ncia ser\u00e0 eth bastiment d&#8217;ua maqueta a escala \u00e7\u00f2 m\u00e8s realista possibla des poblacions, barrancs e arrius qu&#8217;af\u00e8cten enes z\u00f2nes tustades, damb es sues nautors d&#8217;aigua artenhuda en 2024 e realizacion de pr\u00f2ves de corrents e cabaus, ent\u00e0 li\u00e9ger e compr\u00e9ner \u00e7\u00f2 m\u00e8s pr\u00e8s dera realitat, eth com reaccionar\u00e0 era aigua e hanga, en tot avalorar s&#8217;ei prec\u00eds eliminar meandros, ampliar cabau, o quin aute asp\u00e8cte que sigue a pr\u00e9ner en compde.<\/p><p>R) Eth bastiment de paish\u00e8res de contencion, z\u00f2nes de laminaci\u00f3n a on se podesse e regulacion aig\u00fces ens\u00fas , ent\u00e0 evitar es avengudes destructives de nauta velocitat e volum, e a on sigue de besonh, revision, e reconstruccion des existentes, coma era de Forata, que mostr\u00e8c simpt\u00f2mes de perilh estructurau entara seguretat de tota era poblacion aig\u00fces t\u00e0 baish.<\/p><p>S) Tanben rec\u00e8rca dera forma tecnica ent\u00e0 que es vies de tren pas siguen ua barr\u00e8ra entath cors d&#8217;aigua en cas d&#8217;avenguda, entath pas dera aigua ena sua rec\u00e8rca dera plana de l\u2019Albufera.<\/p><p>T) A niv\u00e8u d&#8217;investigacion e en tot seguir pautes demografiques, en tot cercar ua ajuda detalhada, reau e efica\u00e7a, acorroparam era poblacion en tres grops:<\/p><p>T.1) Prum\u00e8r Grop (mainatges e joens). S&#8217;analisar\u00e0 era situacion actuau educativa, es damatges causadi peth COVID e era DANA en s\u00f2n proc\u00e8s educatiu, e se cercar\u00e0 esmendar aguesti damatges sofridi en s\u00f2n proc\u00e8s educacional, en tot aplicar damb exp\u00e8rts es mesures de besonh.<\/p><p>T.2) Dusau Grop (adults): Es persones qu&#8217;an perdut es s\u00f2ns neg\u00f2cis, qu&#8217;an pas pogut redaurir-les, e\/o que s&#8217;an endeudado ent\u00e0 redaurir-les, arreceber\u00e0n tota era ajuda de besonh entath s\u00f2n torn ara normalitat professionau e laborau , en tot auer especiau suenh en aqueri coma horns, carnicer\u00edas e d&#8217;autes qu&#8217;ajuden ara poblacion a poder alimentar-se, sense per eri, deishar enreire as auti.<\/p><p>Del\u00e0 a on a pas agut era catastr\u00f2fa dera Dana , se cercar\u00e0n totes es mesures de sup\u00f2rt as auton\u00f2ms e desempleados, ent\u00e0 melhorar era sua situacion , e se crear\u00e0 en cas des paradi, ua borsa laborau reau e efectiva. Tanben se fomentar\u00e0n es activitats laboraus enes pr\u00e8tzh\u00e8ts de reconstruccion.<\/p><p>T.3) Tresau grop (persones majors e persones damb depend\u00e9ncia): Es persones majors, qu&#8217;an supausat era mitat des m\u00f2rti pera Dana , ser\u00e0 un collectiu tanben d&#8217;especiau tractament, en tot ajudar-les en toti aqueri asp\u00e8ctes que les h\u00e8n vulnerables , en tot aplicar mesurades de seguiment ena sua vida quotidiana, ent\u00e0 facilitar en tot \u00e7\u00f2 de possible era sua vida (crompes, solitud, assist\u00e9ncia medicau, mobilitat, tirar era lord\u00e8ra, etc). Entad a\u00e7\u00f2, eth grop de persones en caumatge, mentre tr\u00f2ben un trabalh m\u00e8s cossent damb es sues expectatives, poder\u00e0 realizar pr\u00e8tzh\u00e8ts d&#8217;acompanhament e ajuda ad aguest collectiu.<\/p><p>O) Era \u00d2rta, enquia au\u00e9 emplegada coma ua arma arrojadiza entre politics especuladors e collectius ecologistes, a estat convertida en un probl\u00e8ma. A\u00e7\u00f2 ei inconcebible. Era \u00d2rta ei element estrategic dera societat, pas sonque coma element absorvedor d&#8217;aigua, que se filtrar\u00e1 ena t\u00e8rra, m\u00e8s tanben coma element que frene eth corrent violent dera aigua, e ath del\u00e0, coma h\u00f2nt de neurituds en moments de crisis a on tot se paralise. Mentre es politics sonque ven sol\u00e8r urbanizable, era \u00d2rta se protegir\u00e0 \u201cde vertat\u201d, pr&#8217;amor qu&#8217;ei imprescindibla ena n\u00f2sta defensa. Ath del\u00e0 ajude ara poblacion que viu d&#8217;era e aufr\u00eds trabalh e contacte damb eth miei naturau. Se recuper\u00e1n motors e acequias, e se facilitar\u00e0 era venta des s\u00f2ns productes mentre pas age crisis, en institucions publiques, e s&#8217;educar\u00e0 ara poblacion ena valor de suberviven\u00e7a estrategica qu&#8217;a agut era \u00f2rta des de tostemp, coma \u00e7\u00f2 siguec ena Gu\u00e8rra Civiu. Ja ei plan dera \u00d2rta presentada coma un element moribundo que cau protegir pr&#8217;amor qu&#8217;\u00f2c e evite h\u00e8r \u00f2bres idrauliques de besonh entara n\u00f2sta seguretat (coma s&#8217;a h\u00e8t per un sector politic) o un terren urbanizable ent\u00e0 uns cuantos politics que s&#8217;an convertit en representants d&#8217;especuladors e urbanizadoras (d&#8217;aute sector politic). Encara qu&#8217;ara fin dera especulacion urbanistica pas s&#8217;escape cap partit.<\/p><p>V) Creacion de punts de res\u00e8rva de minjar e productes de prum\u00e8r besonh en cada municipi de z\u00f2nes inundables, a on ath del\u00e0 age d&#8217;auer seguretat passiva permanenta, ent\u00e0 evitar assauts. Aguesti productes, aur\u00e0n d&#8217;\u00e8ster liuradi a on se decidisque abans deth s\u00f2n caducidad e \u00e8ster reposadi. Era armada, aur\u00e0 de con\u00e9isher era sua localizacion, atau coma pr\u00e9ner eth contrar\u00f2tle enes prum\u00e8rs moments. Tanben controtlar es supermercats enes prum\u00e8rs moments ent\u00e0 evitar saqueos e repartir es s\u00f2ns recorsi de man\u00e8ra ordenada ara poblacion, en tot evitar es sc\u00e8nes e situacions d&#8217;inseguretat ja viscudes.<\/p><p>W) Era educacion e orientacion dera poblacion damb diu\u00e8rsi plans ath respecto ent\u00e0 poder arresp\u00f3ner en situacions de perilh, a d&#8217;\u00e8ster tanben un element cruciau.<\/p><p>X) Coma element d&#8217;avantgarda en transp\u00f2rt, en ua z\u00f2na a on eth tren e eth m\u00e8tro demoren deh\u00f2ra de j\u00f2c des deth prum\u00e8r moment, en tot \u00e8ster barr\u00e8res arquitectoniques es sues vies e en tot deishar ara poblacion sense comunicacion pendent mesi, s&#8217;invertir\u00e0 en bastiment de monorrieles. Ath contrari des camins de h\u00e8r tradicionaus requerissen un espaci minim, tant orizontau coma verticalmente. Es ve\u00efculs monorrieles son m\u00e8s amples qu&#8217;es vies e ar \u00e8ster anautits asseguren se suberviven\u00e7a en catastr\u00f2fes coma es danas, en tot requerir sonque ua petita superf\u00edcia ent\u00e0 apiejar es pilars.<\/p>\t\t\t\t\t\t\t\t<\/div>\n\t\t\t\t<\/div>\n\t\t\t\t\t<\/div>\n\t\t\t\t<\/div>\n\t\t\t\t<\/div>","protected":false},"excerpt":{"rendered":"<p>Conoce nuestros estatutos ADN \/ Estatuts Z\u00f2na Dana Mentre eth partit s&#8217;esten per d&#8217;autes parts d&#8217;Espanha, e coma comen\u00e7am des de z\u00e8ro, ath del\u00e0 des f\u00e8rmi acabaments de nomentar, contemplam un anexo de fins concr\u00e8tes immediates en territ\u00f2ri valencian afectat, irrenunciables, ena z\u00f2na afectada dera dana de 2024, que poder\u00e0n \u00e8ster ampliadi e adaptadi en [&hellip;]<\/p>\n","protected":false},"author":1,"featured_media":0,"parent":0,"menu_order":0,"comment_status":"closed","ping_status":"closed","template":"","meta":{"footnotes":""},"class_list":["post-1200","page","type-page","status-publish","hentry"],"lang":"an","translations":{"an":1200,"ca":1110,"es":358,"eu":1149,"val":1158,"atln":1215},"_links":{"self":[{"href":"https:\/\/renacerenaixer.es\/an\/wp-json\/wp\/v2\/pages\/1200","targetHints":{"allow":["GET"]}}],"collection":[{"href":"https:\/\/renacerenaixer.es\/an\/wp-json\/wp\/v2\/pages"}],"about":[{"href":"https:\/\/renacerenaixer.es\/an\/wp-json\/wp\/v2\/types\/page"}],"author":[{"embeddable":true,"href":"https:\/\/renacerenaixer.es\/an\/wp-json\/wp\/v2\/users\/1"}],"replies":[{"embeddable":true,"href":"https:\/\/renacerenaixer.es\/an\/wp-json\/wp\/v2\/comments?post=1200"}],"version-history":[{"count":7,"href":"https:\/\/renacerenaixer.es\/an\/wp-json\/wp\/v2\/pages\/1200\/revisions"}],"predecessor-version":[{"id":1207,"href":"https:\/\/renacerenaixer.es\/an\/wp-json\/wp\/v2\/pages\/1200\/revisions\/1207"}],"wp:attachment":[{"href":"https:\/\/renacerenaixer.es\/an\/wp-json\/wp\/v2\/media?parent=1200"}],"curies":[{"name":"wp","href":"https:\/\/api.w.org\/{rel}","templated":true}]}}