{"id":1195,"date":"2025-10-27T17:24:37","date_gmt":"2025-10-27T17:24:37","guid":{"rendered":"https:\/\/renacerenaixer.es\/?page_id=1195"},"modified":"2025-11-23T17:08:20","modified_gmt":"2025-11-23T17:08:20","slug":"adn-estatuts-enta-espanha","status":"publish","type":"page","link":"https:\/\/renacerenaixer.es\/an\/adn-estatuts-enta-espanha\/","title":{"rendered":"ADN \/ Estatuts ent\u00e0 Espanha"},"content":{"rendered":"<div data-elementor-type=\"wp-page\" data-elementor-id=\"1195\" class=\"elementor elementor-1195\" data-elementor-post-type=\"page\">\n\t\t\t\t<div class=\"elementor-element elementor-element-7edd5f7d e-flex e-con-boxed e-con e-parent\" data-id=\"7edd5f7d\" data-element_type=\"container\" data-e-type=\"container\" data-settings=\"{&quot;background_background&quot;:&quot;classic&quot;}\">\n\t\t\t\t\t<div class=\"e-con-inner\">\n\t\t\t\t<div class=\"elementor-element elementor-element-68c74229 elementor-widget elementor-widget-heading\" data-id=\"68c74229\" data-element_type=\"widget\" data-e-type=\"widget\" data-widget_type=\"heading.default\">\n\t\t\t\t<div class=\"elementor-widget-container\">\n\t\t\t\t\t<h2 class=\"elementor-heading-title elementor-size-default\">Conoce nuestros estatutos<\/h2>\t\t\t\t<\/div>\n\t\t\t\t<\/div>\n\t\t\t\t\t<\/div>\n\t\t\t\t<\/div>\n\t\t<div class=\"elementor-element elementor-element-05498d8 e-flex e-con-boxed e-con e-child\" data-id=\"05498d8\" data-element_type=\"container\" data-e-type=\"container\">\n\t\t\t\t\t<div class=\"e-con-inner\">\n\t\t\t\t<div class=\"elementor-element elementor-element-3fb4b6a elementor-widget elementor-widget-heading\" data-id=\"3fb4b6a\" data-element_type=\"widget\" data-e-type=\"widget\" data-widget_type=\"heading.default\">\n\t\t\t\t<div class=\"elementor-widget-container\">\n\t\t\t\t\t<h2 class=\"elementor-heading-title elementor-size-default\">ADN \/ Estatuts ent\u00e0 Espanha<\/h2>\t\t\t\t<\/div>\n\t\t\t\t<\/div>\n\t\t\t\t<div class=\"elementor-element elementor-element-dca3fdc elementor-widget__width-initial elementor-widget elementor-widget-text-editor\" data-id=\"dca3fdc\" data-element_type=\"widget\" data-e-type=\"widget\" data-widget_type=\"text-editor.default\">\n\t\t\t\t<div class=\"elementor-widget-container\">\n\t\t\t\t\t\t\t\t\t<p>Toti aguesti punts ser\u00e0n ampliadi damb eth temps, conforme eth partit coneishetz en territ\u00f2ri nacionau m\u00e8s problematiques que compliquen era vida des ciutadans.<br \/>I.Era corrupcion ei praubesa sociau, alimentada en contorn politic\/empresariau. Quan s&#8217;adjudique \u00f2bra publica, ua enterpresa presente ua auf\u00e8rta f\u00f2r\u00e7a baisha, e desir a competitori legaus. Demp\u00fas, ja guanhada, se modifique ar auce eth c\u00f2st e repart\u00eds es s\u00f2s damb es politics, per a\u00e7\u00f2, cau p\u00f3ner contrar\u00f2tles posteriors ar artenher-se era \u00f2bra.<\/p><p>II.Emparament damb estruments juridics, as denunciantes per corrupcion, qu&#8217;evite represalias e que li talhen eth s\u00f2n ascens ena administracion, en tot cas, premiar-les.<\/p><p>III.Profesionalizar Eth foncionariat en tot eliminar es nomentaments int\u00e8rnes que realizen es partits en enterpreses qu&#8217;an quauque tipe de pres\u00e9ncia publica coma societats estataus, en tot nomentar-se, prealabla seleccion meritocr\u00e1tica, professionaus deth ramo, damb experi\u00e9ncia provada e valie, en tot evitar hilats clientelares.<\/p><p>IV.Pro\u00efbir es p\u00f2rtes giratorias e\/o cargues d&#8217;assessorament, en tot imposar multa que supause eth salari artenhut en aguest nau cargue.<\/p><p>V.Qu&#8217;era Lei de Transpar\u00e9ncia elimine es excepcions e causes de inadmisi\u00f3n ena aportacion de donades e ath del\u00e0 pogue imposar sancions e mesures d&#8217;execucion forzosa de caract\u00e8r coercitivo.<\/p><p>VI.Pro\u00efbir eth dret a modificar es contractes d&#8217;\u00f2bres per imprevisibilidad o per naui besonhs o convenences politiques, donques que pervierte eth sist\u00e8ma de contractacion publique e era liura compet\u00e9ncia, en tot \u00e8ster era enterpresa era quau assumisque aguesta modificacion, pas eth erario public.<\/p><p>VII.Contrar\u00f2tle detalhat ena contractacion dir\u00e8cta peth procediment d&#8217;urg\u00e9ncia e contractes mendres, donques que son un coladero tanben de corrupcion.<\/p><p>VIII.Era Lei pas p\u00f2t \u00e8ster el\u00e1stica e deishar uets ne as corruptores ne ath corrompido, des deth niv\u00e8u locau, autonomic e estatau, acotando eth marge de man\u00f2bre des politics en mat\u00e8ria urbanistica, merc\u00e9s a estruments de contrar\u00f2tle, supervision ext\u00e8rna e justificacion tecnica.<\/p><p>IX.Que quina enterpresa que sigue qu&#8217;age estat implicada en cargues de corrupcion , sigue eliminada de quin concors que sigue a \u00f2bra publica.<\/p><p>X.Establir contrar\u00f2tles trauess\u00e8rs entre administracions.<\/p><p>XI.Perseguir artima\u00f1as coma eth fraccionamiento deth pr\u00e8tz des \u00f2bres ent\u00e0 pas superar eth limit legau qu&#8217;obligue a realizar un procediment damb publicitat.<\/p><p>#Xii.Abans de numerotar quauques id\u00e8es irrenunciables, auem d&#8217;\u00e8ster realistes, e sense s\u00f2s, pas i a podem amiar a t\u00e8rme f\u00f2r\u00e7a importantes reformes. En un Estat endeudado coma aguest, i a ua Hipertrofia de cares e inutiles institucions, a on chapotea un neo-caciquisme que sonque serv\u00eds a pla\u00e7ar politicos, crear Barons territoriaus ineficaci e se desvol\u00f2pe ua sangarr\u00e8ra economica que va a m\u00e8s. Per a\u00e7\u00f2:<\/p><p>A) ELIMINAR ETH SENAT: Pas ap\u00f2rte bric, eth Congr\u00e8s des Deputats ei sufisent ent\u00e0 desvolopar es foncions legislatiues, de contrar\u00f2tle deth Gov\u00e8rn e de representacion politica, sonque duplique foncions. Naua Zelanda, Canad\u00e0, Su\u00e8cia, Dinamarca ac an eliminat. C\u00f2sta 63 milions d&#8217;\u00e8uros annaus.<br \/>B) ELIMINAR DEPUTACIONS: Justificades pr&#8217;amor qu&#8217;eres garantissen servicis publics essenciaus deth s\u00f2n municipi, ei mentida, era principau partida de despensa des deputacions ei era sua pr\u00f2pria estructura e es s\u00f2us des s\u00f2ns deputats e foncionaris, f\u00f2r\u00e7a d&#8217;eri designadi a dit o frut deth nepotismo. Pressup\u00f2st de 29000 milions d&#8217;\u00e8uros damb 2400 s\u00f2us publics.<br \/>C) ELIMINAR AFORAMIENTOS: eth pas poder jutjar en un madeish delicte en madeish tribunau, s&#8217;\u00f2m deth delinq\u00fcent ei politico aforado e un aute pas, ei anormau e discriminatorio.<br \/>D) ELIMINAR COMPET\u00c9NCIES AUTONOMIQUES: Es autonomies s&#8217;an convertit en microestados, a on compet\u00e9ncies coma era sanitat, urbanisme, emerg\u00e9ncies, entre d&#8217;autes, an fracassat e cada viatge qu&#8217;ua crisi mos a tustat, a causat ua quantitat inaudita de m\u00f2rts, ineficacitat, improvisaci\u00f3n, duplicidad e lentor, escarte d&#8217;un despilfarro economic evitable, s&#8217;i a un Estat que foncione. Arrebrembem qu&#8217;es Autonomies c\u00f2sten 88.000 milions.<\/p><p>XIII. Contribu\u00efr democraticaments ara formacion dera volontat politica dera ciutadania, atau coma prom\u00f2ir era sua participacion enes institucions representatives de caract\u00e8r politic mejan\u00e7ant era presentacion e sup\u00f2rt de candidatures enes corresponentes eleccions. Ath del\u00e0 p\u00f2t considerar-se eth prum\u00e8r partit creat ent\u00e0 apiejar, def\u00e9ner e previer ara societat deuant ues situacions climatiques extr\u00e8mes, pand\u00e9micas e replantear er urbanisme actuau que pas ei preparat entad aguestes naues crisis; un urbanisme anclado en param\u00e8tres desfasados , barrejadi damb dolenta praxis politica, que propicie innombrables casi de corrupcion e destruccion en n\u00f2ste territ\u00f2ri. Quitament enes mesi posteriors ara Dana, s&#8217;a profitat ent\u00e0 deishar m\u00e8s rienda suelta a un urbanisme damb era desencusa qu&#8217;enquia ara tot \u00e8ren barr\u00e8res ath desvolopament. Es besonhs dera societat a niv\u00e8u urbanistic, reauments pause en poder auer un tet a on v\u00eduer, e pas fomentar eth bastiment e reconstruccion de bastisses ent\u00e0 inversion e especulacion d&#8217;ua minoria economica (ja ena sua majoritat en mans de hons estrang\u00e8rs que vac\u00edan ciutats des s\u00f2ns autentics abitants). Era aucupacion, f\u00f2r\u00e7a c\u00f2ps en mans de m\u00e0fies, tanben campan ath s\u00f2n gost. A\u00e7\u00f2 a creat ua classa politica e partits, constantaments immergits en casi de corrupcion que separen de m\u00e8s en m\u00e8s ara societat dera democracia e dera sua practica mejan\u00e7ant era politica, en tot p\u00f3ner en clar perilh era democracia, en tot creir quim\u00e9ricamente, qu&#8217;en tot votar a partits radicaus, se va a solucionar.<\/p><p>Per a\u00e7\u00f2, pas podem demorar-mos en tot contemplar aguest espectacle indecent, que carcome era societat e aprigond\u00eds era sua fractura. Per a\u00e7\u00f2, pas s&#8217;a va a perm\u00e9ter que hons economics especulatius, que ja non p\u00f2den especular en d&#8217;auti pa\u00efsi merc\u00e9s a ua regulacion, convertitz n\u00f2stes ciutats e p\u00f2bles, enes sues victimes prop\u00edcies.<\/p><p>XIV. Ad a\u00e7\u00f2 auem d&#8217;ah\u00edger situacions climatiques extr\u00e8mes, de m\u00e8s en m\u00e8s radicaus, qu&#8217;an deishat clar, que sup\u00e8ren a toti es responsables politics de tot signe politic. Era classa politica a arresponut tard e mau, pas sonque damb era dana m\u00e8s tanben damb era pandemia deth Covid, en tot \u00e8ster carentes dera capacitat d&#8217;assumir responsabilitats, carentes de responses eficaces e rapides, en tot junher-se ath del\u00e0 esgatussades politiques infames, que descrediten ara democracia. Mos condemnen a veir repetir es madeishi errors, en despari\u00e8rs scenaris de crisis, pr&#8217;amor qu&#8217;ath del\u00e0 pas ab\u00f2rden es probl\u00e8mes m\u00e8s del\u00e0 de \u00e7\u00f2 que duren es sues legislatures e vida politica personau. Per a\u00e7\u00f2, ei d\u00e9uer eth n\u00f2ste partit, tornar a crear era confidan\u00e7a des ciutadans ena politica, crear un urbanisme racionau e solucions efectives as crisis de despari\u00e8r tipe que cada viatge son m\u00e8s recurrentes, en tot dar solucions abans de que succedisquen es probl\u00e8mes . Reorientar Er urbanisme en tot empleg\u00e0&#8217;c ent\u00e0 melhorar era vida e era seguretat, e pas ent\u00e0 finan\u00e7ar partits, ne enriquir politics, en tot controtlar es sues accions e focalizando eth bastiment en resp\u00e8cte ar auviatge naturau e istoric, en plan comun e en tot avalorar es perilhs deth l\u00f2c en situacions climatiques extr\u00e8mes.<\/p><p>XV. Abordaram, ath del\u00e0 d&#8217;aguestes situacions de crisis e desastre climatic\/uman, d&#8217;aute asp\u00e8cte que pas p\u00f2t separar-se der anterior, e ei eth des crisis pand\u00e9micas que mos an flagelat e flagelar\u00e0n coma \u00e8ssers umans, en tot evitar tornar a qu\u00e8ir en ua situacion de improvisaci\u00f3n, ca\u00f2s e par\u00e1lisis sociau, en tot preparar era societat ent\u00e0 menaces que ja non son \u00f2m quimera, m\u00e8s ua realitat que ja mos tust\u00e8c, e que m\u00e8s tarde o m\u00e8s primairenc, mos tornar\u00e0n a visitar-mos, f\u00f2r\u00e7a a pesar n\u00f2ste, en tot poner-mos de nau contra es c\u00f2rdes coma collectiu. D&#8217;aguesta man\u00e8ra, aur\u00e0 plans de fabricacion e acc\u00e8s de mascarillas atau coma d&#8217;auti elements de besonh ent\u00e0 emerg\u00e9ncies, l\u00f2cs de tractament de pacients e acc\u00e8s ath minjar e bevenda a ciutadans. Ath madeish temps, coordinacion e informacion de quina informacion importanta que sigue ent\u00e0 abordar era emerg\u00e9ncia e rec\u00e8rca de solucions.<\/p><p>XVI. Ajudes as agricultors e pagesi en defensa dera sua exist\u00e9ncia e era des sues descendientes, ent\u00e0 pas veder-se eliminadi deth s\u00f2n abitat per colpa d&#8217;importacions d&#8217;explotacions en mans de oligarcas qu&#8217;ei damb eth impossibla conc\u00f3rrer e mantier un modus vivendi digne damb estandards europ\u00e8us.<\/p><p>XVII. Pro\u00efbir era eliminacion de camps de cultiu entath bastiment de parcs solari, en tot h\u00e8r qu&#8217;aguesta energia solara sigue implantada en totes es terrasses de nucl\u00e8us urbans, que prum\u00e8r se nebeneficiar\u00e0n es vesins qu&#8217;agen aguestes plaques. Tanben se fomentar\u00e0 era creacion de tets verdi, ei d\u00edder, \u00f2rts de cultius hidrop\u00f3nicos eficienti enes terrasses de bastisses publiques (atau coma sus finques qu&#8217;ac demanen), mantengudi per poblacion enquia alavetz en caumatge, que trabalhe ena sua mantenen\u00e7a entad ajuntament locau, cuya cuelhuda e beneficis siguen ent\u00e0s vesins e fins sociaus.<\/p><p>XVIII. As poblacions der Estat Espanh\u00f2u qu&#8217;an pas estat afectades, m\u00e8s que comprenen qu&#8217;eth n\u00f2ste mon actuau ei tustat (e \u00e7\u00f2 ser\u00e0 encara m\u00e8s en tempsi venideros), per tota ua seria de fenom\u00e8ns climatics, que ponen en perilh era pr\u00f2pria exist\u00e9ncia dera Umanitat tau e coma la coneishem, atau coma era sua normau devier, aufrir-les totes es solucions possibles que s&#8217;adapten ara localitat, en tot evitar que corren risqui presents e futurs. Per tot a\u00e7\u00f2 en s\u00f2n conjunt, s&#8217;analisar\u00e0n es risqui, atau coma era situacion actuau des localitats en toti es s\u00f2ns asp\u00e8ctes, en tot aportar solucions.<\/p><p>XIX. Qu&#8217;aguesta reconstruccion e preparacion ent\u00e0 futurs risqui, pas sigue era oportunitat especulativa per part de qui an coma prioritat enriquir-se merc\u00e9s a ligams politics, per \u00e7\u00f2 que pas poder\u00e0n participar en aguest proc\u00e8s, enterpreses qu&#8217;agen estat condemnades pera just\u00edcia en quauque moment precedent per activitats irregulares qu&#8217;afectat ath erario public locau, autonomic o estatau.<\/p><p>XX. En tot Auer en compde qu&#8217;en mon actuau, f\u00f2r\u00e7a gov\u00e8rns en despari\u00e8rs contorns e niv\u00e8us desafien es leis scientifiques en tot p\u00f3ner en perilh damb eri as s\u00f2ns conciudadanos, e pas arresponen as acuciantes besonhs e crisis que sofrim , recorreram a ua collaboracion essenciau, a\u00e7\u00f2 ei, en mon scientific e es sues institucions, per tant, estrenheram laci de prum\u00e8r orde damb institucions scientifiques tant autonomiques, nacionaus coma internacionaus, qu&#8217;aufrisquen solucions scientifiques reaus e aplicables a tota aguesta problematica en que mos vedem immergits e sofrim, dir\u00e8cta e\/o indir\u00e8ctaments.<\/p><p>XXI. Cercaram eth plen emplec ena localitat a on podem exercir gov\u00e8rn.<\/p><p>XXII. Revisaram es salaris atau coma pujades realizades enes darr\u00e8ri ans de s\u00f2us des politics des ajuntaments, membres d&#8217;institucions autonomiques e estataus, e redusiram aguestes despenses, tant en tot redusir eth s\u00f2u coma en tot eliminar aqueri salaris e cargues que resulten duplicadi e\/o ineficaces, atau coma organismes qu&#8217;agen foncions poguen \u00e8ster realizadi per d&#8217;auti.<\/p><p>XXIII. Eliminacion des aforamientos politics, \u00f2m lacra que cree impunitat e inegalitat de just\u00edcia entre ciutadans.<\/p><p>XXIV. Qu&#8217;er Estat atau coma pompi\u00e8rs d&#8217;autes autonomies (qu&#8217;an d&#8217;auer contacte dir\u00e8cte e immediat), poguen anar en ajuda deuant catastr\u00f2fes naturaus, sense empachi, coordinadi damb era autonomia en l\u00f2c. Er Estat, qu&#8217;ei qui a era capacitat e mejans eficaci, prealabla informacion e comunicacion deth delegat\/a deth Gov\u00e8rn ena autonomia, sense rec\u00f3rrer ath 155, poder\u00e0 intervier ena autonomia afectada per ua catastr\u00f2fa. Era Autonomia, acompanhar\u00e0 ena gestion. Enes desastres, era rapiditat de besonh ent\u00e0 sauvar vides, coma s&#8217;a demostrat e dem\u00f2stre, es victimes, en aguesti moments pas comprenen d&#8217;autonomies, ne de politics, ne des sues capacitats, incapacitats, caprichos, sensibilitats autonomiques o ideologies.<\/p><p>XXV. Ajuda concr\u00e8ta as Joens emprendedores e comen\u00e7ada des s\u00f2ns proj\u00e8ctes.<\/p><p>XXVI. Bastiment d&#8217;abitatges VPO ent\u00e0 lutar contra es pr\u00e8tzi exorbitadi des abitatges, m\u00e8s damb un contrar\u00f2tle qu&#8217;age en compde es elements que se contemplen en seg\u00fcent punt.<\/p><p>XXVII. Qu&#8217;eth bastiment de nau abitatge, comp\u00f2rte er emparament des espacis naturaus qu&#8217;encara conserven elements naturaus e era \u00f2rta (que pas signifique evitar realizar es infrastructures e estructures entad emparament des poblacions, qu&#8217;ei eth maximal objectiu) ent\u00e0 que pas siguen era paish\u00e8ra contunhada deth bastiment qu&#8217;acabe en tot convertir es ajuntaments, ena seccion ejecutora des constructritz, qu&#8217;en tanti casi de corrupcion an empa\u00f1ado n\u00f2sta politica en toti es niv\u00e8us.<\/p><p>XXVIII. Qu&#8217;es cases e estatges que se tr\u00f2ben sense \u00e8ster abitadi, siguen catalogadi e se pogue art\u00e9nher un ac\u00f2rd damb es proprietaris particulars, entath logu\u00e8r o venta, incentivando ath proprietari m\u00e8s jam\u00e8s en tot obligar a h\u00e8&#8217;c.<\/p><p>XXIX. Aqueri bancs qu&#8217;actius o absorbidos, auessen arrecebut ajuda der estat entath s\u00f2n rescat e que son grani beneficiadi damb s\u00f2s publics, ser\u00e0n obligadi a logu\u00e8r\/venta des proprietats ena sua auer e ajuda en prestam ara gent joena entath s\u00f2n abitatge, en compensacion der esf\u00f2r\u00e7 realizat per Estat, que represente a toti es ciutadans.<\/p><p>XXX. Es espacis naturaus, que tanben son victimes afectades ena situacion climatica transtornada, atau coma dera transformacion despiadada der \u00e8ster uman en espaci e pa\u00efsatge, arreceber\u00e0n ua atencion especiau e mesures especifiques d&#8217;emparament reau deuant aguesti fenom\u00e8ns cambiantes e que les ponen en perilh.<\/p><p>XXXI. Se practicar\u00e0 era democracia dir\u00e8cta en tot aufrir en p\u00f2ble era possibilitat de prononciar-se sus t\u00e8mes qu&#8217;af\u00e8cten ara poblacion. Era iniciatiua tant p\u00f2t \u00e8ster der ajuntament coma deth p\u00f2ble e eth referendum son es estruments claus deth sist\u00e8ma democratic-dir\u00e8cte. Atau eth p\u00f2ble aur\u00e0 ua participacion substanciau enes decisions politiques en toti es contorns. Era iniciatiua populara aufr\u00eds as ciutadans e ciutadanes era possibilitat de presentar es sues prepauses, e d&#8217;aguesta man\u00e8ra s&#8217;estimule o reinicia eth debat politic sus un t\u00e8ma especific.<\/p><p>XXXII. En definitiva, era luta pera melhora des condicions de vida des persones, en tot def\u00e9ner es s\u00f2ns drets, era sua seguretat, es sues vides, era sua presenta e futur, en tot fomentar era sua participacion, en tot dar-les votz e v\u00f2t en la pren de decisions des politiques publiques a desvolopar, en tot crear e\/o en tot utilizar estruments de participacion reau a posita de toti . Egalaments, crear vies de comunicacion dir\u00e8cta e efectiva damb es persones, en tot aufrir informacion detalhada de tot aquer\u00f2 a realizar, atau coma des auanci e progr\u00e8ssi realizadi.<\/p>\t\t\t\t\t\t\t\t<\/div>\n\t\t\t\t<\/div>\n\t\t\t\t\t<\/div>\n\t\t\t\t<\/div>\n\t\t\t\t<\/div>","protected":false},"excerpt":{"rendered":"<p>Conoce nuestros estatutos ADN \/ Estatuts ent\u00e0 Espanha Toti aguesti punts ser\u00e0n ampliadi damb eth temps, conforme eth partit coneishetz en territ\u00f2ri nacionau m\u00e8s problematiques que compliquen era vida des ciutadans.I.Era corrupcion ei praubesa sociau, alimentada en contorn politic\/empresariau. Quan s&#8217;adjudique \u00f2bra publica, ua enterpresa presente ua auf\u00e8rta f\u00f2r\u00e7a baisha, e desir a competitori legaus. [&hellip;]<\/p>\n","protected":false},"author":1,"featured_media":0,"parent":0,"menu_order":0,"comment_status":"closed","ping_status":"closed","template":"","meta":{"footnotes":""},"class_list":["post-1195","page","type-page","status-publish","hentry"],"lang":"an","translations":{"an":1195,"ca":1118,"es":17,"eu":1144,"val":1156,"gl":1178,"atln":1213},"_links":{"self":[{"href":"https:\/\/renacerenaixer.es\/an\/wp-json\/wp\/v2\/pages\/1195","targetHints":{"allow":["GET"]}}],"collection":[{"href":"https:\/\/renacerenaixer.es\/an\/wp-json\/wp\/v2\/pages"}],"about":[{"href":"https:\/\/renacerenaixer.es\/an\/wp-json\/wp\/v2\/types\/page"}],"author":[{"embeddable":true,"href":"https:\/\/renacerenaixer.es\/an\/wp-json\/wp\/v2\/users\/1"}],"replies":[{"embeddable":true,"href":"https:\/\/renacerenaixer.es\/an\/wp-json\/wp\/v2\/comments?post=1195"}],"version-history":[{"count":7,"href":"https:\/\/renacerenaixer.es\/an\/wp-json\/wp\/v2\/pages\/1195\/revisions"}],"predecessor-version":[{"id":1414,"href":"https:\/\/renacerenaixer.es\/an\/wp-json\/wp\/v2\/pages\/1195\/revisions\/1414"}],"wp:attachment":[{"href":"https:\/\/renacerenaixer.es\/an\/wp-json\/wp\/v2\/media?parent=1195"}],"curies":[{"name":"wp","href":"https:\/\/api.w.org\/{rel}","templated":true}]}}